{"id":9552,"date":"2025-09-04T13:40:49","date_gmt":"2025-09-04T11:40:49","guid":{"rendered":"https:\/\/artbeton.ca\/?post_type=product&#038;p=9552"},"modified":"2025-11-14T21:48:57","modified_gmt":"2025-11-14T20:48:57","slug":"the-purples-venetian-plaster","status":"publish","type":"product","link":"https:\/\/artbeton.ca\/en\/product\/the-purples-venetian-plaster\/","title":{"rendered":"The Purples | Venetian Plaster"},"content":{"rendered":"<h2 data-pm-slice=\"0 0 []\">Glossy, Marbled Effect<\/h2>\n<p>A very fine natural plaster with a glossy, smooth surface and refined marbled nuances, comparable to tadelakt.<\/p>\n<p>Proper surface preparation (smooth and porous) is essential to ensure a flawless result.<\/p>\n<p>To provide additional protection to the stucco, a wax layer can be applied. For more creativity, pearlescent or glitter additives may be mixed with the wax.<\/p>\n<ul>\n<li>Composition: Made from aged and filtered lime putty<\/li>\n<li>Application: Plastic trowel, between 15\u00b0C and 25\u00b0C<\/li>\n<li>Texture: Creamy and pasty<\/li>\n<li>Coverage: Up to 86 sq. ft.\/L (depending on the surface)<\/li>\n<li>Use: Interior walls. Ideally applied directly on a smoothing plaster. For other surfaces, a primer such as an undercoat must first be applied.<\/li>\n<\/ul>\n<h3>Product Highlights:<\/h3>\n<ul>\n<li>Cost-effective coverage<\/li>\n<li>Exceptionally smooth finish<\/li>\n<li>Multiple decorative possibilities (on smooth doors, decorative panels, wainscoting, etc.)<\/li>\n<li>VOC content: 0.0 g\/L<\/li>\n<\/ul>\n","protected":false},"excerpt":{"rendered":"<p>Glossy, Marbled Effect A very fine natural plaster with a glossy, smooth surface and refined marbled nuances, comparable to tadelakt. [&hellip;]<\/p>\n","protected":false},"featured_media":11962,"comment_status":"open","ping_status":"closed","template":"","meta":{"site-sidebar-layout":"default","site-content-layout":"","ast-site-content-layout":"default","site-content-style":"default","site-sidebar-style":"default","ast-global-header-display":"","ast-banner-title-visibility":"","ast-main-header-display":"","ast-hfb-above-header-display":"","ast-hfb-below-header-display":"","ast-hfb-mobile-header-display":"","site-post-title":"","ast-breadcrumbs-content":"","ast-featured-img":"","footer-sml-layout":"","ast-disable-related-posts":"","theme-transparent-header-meta":"default","adv-header-id-meta":"","stick-header-meta":"default","header-above-stick-meta":"","header-main-stick-meta":"","header-below-stick-meta":"","astra-migrate-meta-layouts":"set","ast-page-background-enabled":"default","ast-page-background-meta":{"desktop":{"background-color":"var(--ast-global-color-4)","background-image":"","background-repeat":"repeat","background-position":"center center","background-size":"auto","background-attachment":"scroll","background-type":"","background-media":"","overlay-type":"","overlay-color":"","overlay-opacity":"","overlay-gradient":""},"tablet":{"background-color":"","background-image":"","background-repeat":"repeat","background-position":"center center","background-size":"auto","background-attachment":"scroll","background-type":"","background-media":"","overlay-type":"","overlay-color":"","overlay-opacity":"","overlay-gradient":""},"mobile":{"background-color":"","background-image":"","background-repeat":"repeat","background-position":"center center","background-size":"auto","background-attachment":"scroll","background-type":"","background-media":"","overlay-type":"","overlay-color":"","overlay-opacity":"","overlay-gradient":""}},"ast-content-background-meta":{"desktop":{"background-color":"var(--ast-global-color-5)","background-image":"","background-repeat":"repeat","background-position":"center center","background-size":"auto","background-attachment":"scroll","background-type":"","background-media":"","overlay-type":"","overlay-color":"","overlay-opacity":"","overlay-gradient":""},"tablet":{"background-color":"var(--ast-global-color-5)","background-image":"","background-repeat":"repeat","background-position":"center center","background-size":"auto","background-attachment":"scroll","background-type":"","background-media":"","overlay-type":"","overlay-color":"","overlay-opacity":"","overlay-gradient":""},"mobile":{"background-color":"var(--ast-global-color-5)","background-image":"","background-repeat":"repeat","background-position":"center center","background-size":"auto","background-attachment":"scroll","background-type":"","background-media":"","overlay-type":"","overlay-color":"","overlay-opacity":"","overlay-gradient":""}}},"product_brand":[],"product_cat":[324],"product_tag":[],"class_list":{"0":"post-9552","1":"product","2":"type-product","3":"status-publish","4":"has-post-thumbnail","6":"product_cat-venetian-plaster","7":"desktop-align-left","8":"tablet-align-left","9":"mobile-align-left","11":"first","12":"instock","13":"taxable","14":"shipping-taxable","15":"purchasable","16":"product-type-variable"},"yoast_head":"<!-- This site is optimized with the Yoast SEO plugin v27.3 - https:\/\/yoast.com\/product\/yoast-seo-wordpress\/ -->\n<title>The Purples Venetian Plaster | Glossy Marbled Finish<\/title>\n<meta name=\"description\" content=\"Eco-friendly Purples Venetian Plaster with a smooth, glossy marbled effect. Perfect for elegant walls, doors, and decorative panels.\" \/>\n<meta name=\"robots\" content=\"index, follow, max-snippet:-1, max-image-preview:large, max-video-preview:-1\" \/>\n<link rel=\"canonical\" href=\"https:\/\/artbeton.ca\/en\/product\/the-purples-venetian-plaster\/\" \/>\n<meta property=\"og:locale\" content=\"en_US\" \/>\n<meta property=\"og:type\" content=\"article\" \/>\n<meta property=\"og:title\" content=\"The Purples Venetian Plaster | Glossy Marbled Finish\" \/>\n<meta property=\"og:description\" content=\"Eco-friendly Purples Venetian Plaster with a smooth, glossy marbled effect. Perfect for elegant walls, doors, and decorative panels.\" \/>\n<meta property=\"og:url\" content=\"https:\/\/artbeton.ca\/en\/product\/the-purples-venetian-plaster\/\" \/>\n<meta property=\"og:site_name\" content=\"ART B\u00c9TON\" \/>\n<meta property=\"article:publisher\" content=\"https:\/\/www.facebook.com\/Art-Bton-2064358856947702\/\" \/>\n<meta property=\"article:modified_time\" content=\"2025-11-14T20:48:57+00:00\" \/>\n<meta property=\"og:image\" content=\"http:\/\/artbeton.ca\/wp-content\/uploads\/2025\/09\/The-Purple-Venetian-Plaster.webp\" \/>\n\t<meta property=\"og:image:width\" content=\"2000\" \/>\n\t<meta property=\"og:image:height\" content=\"2000\" \/>\n\t<meta property=\"og:image:type\" content=\"image\/webp\" \/>\n<meta name=\"twitter:card\" content=\"summary_large_image\" \/>\n<meta name=\"twitter:label1\" content=\"Est. reading time\" \/>\n\t<meta name=\"twitter:data1\" content=\"1 minute\" \/>\n<script type=\"application\/ld+json\" class=\"yoast-schema-graph\">{\"@context\":\"https:\\\/\\\/schema.org\",\"@graph\":[{\"@type\":\"WebPage\",\"@id\":\"https:\\\/\\\/artbeton.ca\\\/en\\\/product\\\/the-purples-venetian-plaster\\\/\",\"url\":\"https:\\\/\\\/artbeton.ca\\\/en\\\/product\\\/the-purples-venetian-plaster\\\/\",\"name\":\"The Purples Venetian Plaster | Glossy Marbled Finish\",\"isPartOf\":{\"@id\":\"https:\\\/\\\/artbeton.ca\\\/#website\"},\"primaryImageOfPage\":{\"@id\":\"https:\\\/\\\/artbeton.ca\\\/en\\\/product\\\/the-purples-venetian-plaster\\\/#primaryimage\"},\"image\":{\"@id\":\"https:\\\/\\\/artbeton.ca\\\/en\\\/product\\\/the-purples-venetian-plaster\\\/#primaryimage\"},\"thumbnailUrl\":\"https:\\\/\\\/artbeton.ca\\\/wp-content\\\/uploads\\\/2025\\\/09\\\/The-Purple-Venetian-Plaster.webp\",\"datePublished\":\"2025-09-04T11:40:49+00:00\",\"dateModified\":\"2025-11-14T20:48:57+00:00\",\"description\":\"Eco-friendly Purples Venetian Plaster with a smooth, glossy marbled effect. Perfect for elegant walls, doors, and decorative panels.\",\"breadcrumb\":{\"@id\":\"https:\\\/\\\/artbeton.ca\\\/en\\\/product\\\/the-purples-venetian-plaster\\\/#breadcrumb\"},\"inLanguage\":\"en-US\",\"potentialAction\":[{\"@type\":\"ReadAction\",\"target\":[\"https:\\\/\\\/artbeton.ca\\\/en\\\/product\\\/the-purples-venetian-plaster\\\/\"]}]},{\"@type\":\"ImageObject\",\"inLanguage\":\"en-US\",\"@id\":\"https:\\\/\\\/artbeton.ca\\\/en\\\/product\\\/the-purples-venetian-plaster\\\/#primaryimage\",\"url\":\"https:\\\/\\\/artbeton.ca\\\/wp-content\\\/uploads\\\/2025\\\/09\\\/The-Purple-Venetian-Plaster.webp\",\"contentUrl\":\"https:\\\/\\\/artbeton.ca\\\/wp-content\\\/uploads\\\/2025\\\/09\\\/The-Purple-Venetian-Plaster.webp\",\"width\":2000,\"height\":2000,\"caption\":\"Bucket of purple Venetian Plaster - Marrakech ready for wall finishing\"},{\"@type\":\"BreadcrumbList\",\"@id\":\"https:\\\/\\\/artbeton.ca\\\/en\\\/product\\\/the-purples-venetian-plaster\\\/#breadcrumb\",\"itemListElement\":[{\"@type\":\"ListItem\",\"position\":1,\"name\":\"Accueil\",\"item\":\"https:\\\/\\\/artbeton.ca\\\/en\\\/home\\\/\"},{\"@type\":\"ListItem\",\"position\":2,\"name\":\"Shop\",\"item\":\"https:\\\/\\\/artbeton.ca\\\/en\\\/shop\\\/\"},{\"@type\":\"ListItem\",\"position\":3,\"name\":\"The Purples | Venetian Plaster\"}]},{\"@type\":\"WebSite\",\"@id\":\"https:\\\/\\\/artbeton.ca\\\/#website\",\"url\":\"https:\\\/\\\/artbeton.ca\\\/\",\"name\":\"ART B\u00c9TON\",\"description\":\"Enduit de b\u00e9ton v\u00e9ritable d\u00e9coratif\",\"publisher\":{\"@id\":\"https:\\\/\\\/artbeton.ca\\\/#organization\"},\"potentialAction\":[{\"@type\":\"SearchAction\",\"target\":{\"@type\":\"EntryPoint\",\"urlTemplate\":\"https:\\\/\\\/artbeton.ca\\\/?s={search_term_string}\"},\"query-input\":{\"@type\":\"PropertyValueSpecification\",\"valueRequired\":true,\"valueName\":\"search_term_string\"}}],\"inLanguage\":\"en-US\"},{\"@type\":\"Organization\",\"@id\":\"https:\\\/\\\/artbeton.ca\\\/#organization\",\"name\":\"ART B\u00c9TON\",\"url\":\"https:\\\/\\\/artbeton.ca\\\/\",\"logo\":{\"@type\":\"ImageObject\",\"inLanguage\":\"en-US\",\"@id\":\"https:\\\/\\\/artbeton.ca\\\/#\\\/schema\\\/logo\\\/image\\\/\",\"url\":\"https:\\\/\\\/artbeton.ca\\\/wp-content\\\/uploads\\\/2023\\\/11\\\/BC-ArtBeton_Logo_web_EN-2.png\",\"contentUrl\":\"https:\\\/\\\/artbeton.ca\\\/wp-content\\\/uploads\\\/2023\\\/11\\\/BC-ArtBeton_Logo_web_EN-2.png\",\"width\":1757,\"height\":369,\"caption\":\"ART B\u00c9TON\"},\"image\":{\"@id\":\"https:\\\/\\\/artbeton.ca\\\/#\\\/schema\\\/logo\\\/image\\\/\"},\"sameAs\":[\"https:\\\/\\\/www.facebook.com\\\/Art-Bton-2064358856947702\\\/\",\"https:\\\/\\\/www.instagram.com\\\/in_stagram4525\\\/\"]}]}<\/script>\n<!-- \/ Yoast SEO plugin. -->","yoast_head_json":{"title":"The Purples Venetian Plaster | Glossy Marbled Finish","description":"Eco-friendly Purples Venetian Plaster with a smooth, glossy marbled effect. Perfect for elegant walls, doors, and decorative panels.","robots":{"index":"index","follow":"follow","max-snippet":"max-snippet:-1","max-image-preview":"max-image-preview:large","max-video-preview":"max-video-preview:-1"},"canonical":"https:\/\/artbeton.ca\/en\/product\/the-purples-venetian-plaster\/","og_locale":"en_US","og_type":"article","og_title":"The Purples Venetian Plaster | Glossy Marbled Finish","og_description":"Eco-friendly Purples Venetian Plaster with a smooth, glossy marbled effect. Perfect for elegant walls, doors, and decorative panels.","og_url":"https:\/\/artbeton.ca\/en\/product\/the-purples-venetian-plaster\/","og_site_name":"ART B\u00c9TON","article_publisher":"https:\/\/www.facebook.com\/Art-Bton-2064358856947702\/","article_modified_time":"2025-11-14T20:48:57+00:00","og_image":[{"width":2000,"height":2000,"url":"http:\/\/artbeton.ca\/wp-content\/uploads\/2025\/09\/The-Purple-Venetian-Plaster.webp","type":"image\/webp"}],"twitter_card":"summary_large_image","twitter_misc":{"Est. reading time":"1 minute"},"schema":{"@context":"https:\/\/schema.org","@graph":[{"@type":"WebPage","@id":"https:\/\/artbeton.ca\/en\/product\/the-purples-venetian-plaster\/","url":"https:\/\/artbeton.ca\/en\/product\/the-purples-venetian-plaster\/","name":"The Purples Venetian Plaster | Glossy Marbled Finish","isPartOf":{"@id":"https:\/\/artbeton.ca\/#website"},"primaryImageOfPage":{"@id":"https:\/\/artbeton.ca\/en\/product\/the-purples-venetian-plaster\/#primaryimage"},"image":{"@id":"https:\/\/artbeton.ca\/en\/product\/the-purples-venetian-plaster\/#primaryimage"},"thumbnailUrl":"https:\/\/artbeton.ca\/wp-content\/uploads\/2025\/09\/The-Purple-Venetian-Plaster.webp","datePublished":"2025-09-04T11:40:49+00:00","dateModified":"2025-11-14T20:48:57+00:00","description":"Eco-friendly Purples Venetian Plaster with a smooth, glossy marbled effect. Perfect for elegant walls, doors, and decorative panels.","breadcrumb":{"@id":"https:\/\/artbeton.ca\/en\/product\/the-purples-venetian-plaster\/#breadcrumb"},"inLanguage":"en-US","potentialAction":[{"@type":"ReadAction","target":["https:\/\/artbeton.ca\/en\/product\/the-purples-venetian-plaster\/"]}]},{"@type":"ImageObject","inLanguage":"en-US","@id":"https:\/\/artbeton.ca\/en\/product\/the-purples-venetian-plaster\/#primaryimage","url":"https:\/\/artbeton.ca\/wp-content\/uploads\/2025\/09\/The-Purple-Venetian-Plaster.webp","contentUrl":"https:\/\/artbeton.ca\/wp-content\/uploads\/2025\/09\/The-Purple-Venetian-Plaster.webp","width":2000,"height":2000,"caption":"Bucket of purple Venetian Plaster - Marrakech ready for wall finishing"},{"@type":"BreadcrumbList","@id":"https:\/\/artbeton.ca\/en\/product\/the-purples-venetian-plaster\/#breadcrumb","itemListElement":[{"@type":"ListItem","position":1,"name":"Accueil","item":"https:\/\/artbeton.ca\/en\/home\/"},{"@type":"ListItem","position":2,"name":"Shop","item":"https:\/\/artbeton.ca\/en\/shop\/"},{"@type":"ListItem","position":3,"name":"The Purples | Venetian Plaster"}]},{"@type":"WebSite","@id":"https:\/\/artbeton.ca\/#website","url":"https:\/\/artbeton.ca\/","name":"ART B\u00c9TON","description":"Enduit de b\u00e9ton v\u00e9ritable d\u00e9coratif","publisher":{"@id":"https:\/\/artbeton.ca\/#organization"},"potentialAction":[{"@type":"SearchAction","target":{"@type":"EntryPoint","urlTemplate":"https:\/\/artbeton.ca\/?s={search_term_string}"},"query-input":{"@type":"PropertyValueSpecification","valueRequired":true,"valueName":"search_term_string"}}],"inLanguage":"en-US"},{"@type":"Organization","@id":"https:\/\/artbeton.ca\/#organization","name":"ART B\u00c9TON","url":"https:\/\/artbeton.ca\/","logo":{"@type":"ImageObject","inLanguage":"en-US","@id":"https:\/\/artbeton.ca\/#\/schema\/logo\/image\/","url":"https:\/\/artbeton.ca\/wp-content\/uploads\/2023\/11\/BC-ArtBeton_Logo_web_EN-2.png","contentUrl":"https:\/\/artbeton.ca\/wp-content\/uploads\/2023\/11\/BC-ArtBeton_Logo_web_EN-2.png","width":1757,"height":369,"caption":"ART B\u00c9TON"},"image":{"@id":"https:\/\/artbeton.ca\/#\/schema\/logo\/image\/"},"sameAs":["https:\/\/www.facebook.com\/Art-Bton-2064358856947702\/","https:\/\/www.instagram.com\/in_stagram4525\/"]}]}},"_links":{"self":[{"href":"https:\/\/artbeton.ca\/en\/wp-json\/wp\/v2\/product\/9552","targetHints":{"allow":["GET"]}}],"collection":[{"href":"https:\/\/artbeton.ca\/en\/wp-json\/wp\/v2\/product"}],"about":[{"href":"https:\/\/artbeton.ca\/en\/wp-json\/wp\/v2\/types\/product"}],"replies":[{"embeddable":true,"href":"https:\/\/artbeton.ca\/en\/wp-json\/wp\/v2\/comments?post=9552"}],"wp:featuredmedia":[{"embeddable":true,"href":"https:\/\/artbeton.ca\/en\/wp-json\/wp\/v2\/media\/11962"}],"wp:attachment":[{"href":"https:\/\/artbeton.ca\/en\/wp-json\/wp\/v2\/media?parent=9552"}],"wp:term":[{"taxonomy":"product_brand","embeddable":true,"href":"https:\/\/artbeton.ca\/en\/wp-json\/wp\/v2\/product_brand?post=9552"},{"taxonomy":"product_cat","embeddable":true,"href":"https:\/\/artbeton.ca\/en\/wp-json\/wp\/v2\/product_cat?post=9552"},{"taxonomy":"product_tag","embeddable":true,"href":"https:\/\/artbeton.ca\/en\/wp-json\/wp\/v2\/product_tag?post=9552"}],"curies":[{"name":"wp","href":"https:\/\/api.w.org\/{rel}","templated":true}]}}