{"id":8782,"date":"2025-09-03T15:13:00","date_gmt":"2025-09-03T13:13:00","guid":{"rendered":"https:\/\/artbeton.ca\/?post_type=product&#038;p=8782"},"modified":"2025-11-18T17:42:09","modified_gmt":"2025-11-18T16:42:09","slug":"the-pinks-lime-paint","status":"publish","type":"product","link":"https:\/\/artbeton.ca\/en\/product\/the-pinks-lime-paint\/","title":{"rendered":"The Pinks | Lime Paint"},"content":{"rendered":"<h2>Smooth<\/h2>\n<p>A natural smooth paint made from filtered lime sourced in Qu\u00e9bec.<\/p>\n<p>Perfect for both interior and exterior walls, it delivers a matte, smooth, and nuanced look of remarkable elegance.<\/p>\n<p>It allows surfaces to breathe and adheres beautifully to stone, brick, and plaster. Ideal for exterior patinas or subtle, smooth lime washes indoors.<\/p>\n<ul>\n<li><strong>Composition:<\/strong> Lime putty base<\/li>\n<li><strong>Application:<\/strong> Limewash brush or sprayer (after dilution)<\/li>\n<li><strong>Texture:<\/strong> Semi-creamy<\/li>\n<li><strong>Coverage:<\/strong> 86 to 108 sq. ft.\/L (depending on surface and dilution)<\/li>\n<li><strong>Finish:<\/strong> Matte and smooth<\/li>\n<li><strong>Use:<\/strong> Interior and exterior walls. For other surfaces, a primer coat such as an undercoat must be applied first.<\/li>\n<\/ul>\n<h3>Product Highlights:<\/h3>\n<ul>\n<li>Made from natural ingredients<\/li>\n<li>Excellent value for money<\/li>\n<li>Multiple finishes possible depending on application method:\n<ul>\n<li><em>French style<\/em> (vertical strokes) for vertical nuances<\/li>\n<li><em>Italian style<\/em> (cross strokes) for a cloud-like effect<\/li>\n<\/ul>\n<\/li>\n<li>VOC content: 0.0 g\/L<\/li>\n<\/ul>\n<h2>Light Grain<\/h2>\n<p>A natural lime paint made from unfiltered lime putty, containing light grains for a more traditional look.<\/p>\n<p>It is suitable for both interior and exterior applications.<\/p>\n<p>This paint lets walls breathe and withstands weather exposure. 100% natural and completely free of VOC emissions.<\/p>\n<ul>\n<li><strong>Composition:<\/strong> Lime putty base<\/li>\n<li><strong>Application:<\/strong> Limewash brush<\/li>\n<li><strong>Texture:<\/strong> Semi-creamy<\/li>\n<li><strong>Coverage:<\/strong> 86 to 108 sq. ft.\/L (depending on surface and dilution)<\/li>\n<li><strong>Finish:<\/strong> Matte and grainy<\/li>\n<li><strong>Use:<\/strong> Interior and exterior walls. For other surfaces, a primer coat such as an undercoat must be applied first.<\/li>\n<\/ul>\n<h3>Product Highlights:<\/h3>\n<ul>\n<li>Made from natural ingredients<\/li>\n<li>Excellent value for money<\/li>\n<li>VOC content: 0.0 g\/L<\/li>\n<\/ul>\n<h2>Sanded<\/h2>\n<p>A natural lime-based paint that offers a beautifully textured finish. Perfect for both interior and exterior use.<\/p>\n<p>It adheres directly to stone, brick, and lime-based plasters. Its sandy texture perfectly mimics the look of a fine lime plaster.<\/p>\n<ul>\n<li><strong>Composition:<\/strong> Lime putty base<\/li>\n<li><strong>Application:<\/strong> Limewash brush<\/li>\n<li><strong>Texture:<\/strong> Semi-creamy<\/li>\n<li><strong>Coverage:<\/strong> 43 to 65 sq. ft.\/L (depending on surface and dilution)<\/li>\n<li><strong>Finish:<\/strong> Matte and sandy<\/li>\n<li><strong>Use:<\/strong> Interior and exterior walls. For other surfaces, a primer coat such as an undercoat must be applied first.<\/li>\n<\/ul>\n<h3>Product Highlights:<\/h3>\n<ul>\n<li>100% natural ingredients<\/li>\n<li>Sandy texture helps conceal small imperfections<\/li>\n<li>Can be burnished with a second coat for a smoother, more nuanced look<\/li>\n<li>VOC content: 0.0 g\/L<\/li>\n<\/ul>\n","protected":false},"excerpt":{"rendered":"<p>Smooth A natural smooth paint made from filtered lime sourced in Qu\u00e9bec. Perfect for both interior and exterior walls, it [&hellip;]<\/p>\n","protected":false},"featured_media":11915,"comment_status":"open","ping_status":"closed","template":"","meta":{"site-sidebar-layout":"default","site-content-layout":"","ast-site-content-layout":"default","site-content-style":"default","site-sidebar-style":"default","ast-global-header-display":"","ast-banner-title-visibility":"","ast-main-header-display":"","ast-hfb-above-header-display":"","ast-hfb-below-header-display":"","ast-hfb-mobile-header-display":"","site-post-title":"","ast-breadcrumbs-content":"","ast-featured-img":"","footer-sml-layout":"","ast-disable-related-posts":"","theme-transparent-header-meta":"default","adv-header-id-meta":"","stick-header-meta":"default","header-above-stick-meta":"","header-main-stick-meta":"","header-below-stick-meta":"","astra-migrate-meta-layouts":"set","ast-page-background-enabled":"default","ast-page-background-meta":{"desktop":{"background-color":"var(--ast-global-color-4)","background-image":"","background-repeat":"repeat","background-position":"center center","background-size":"auto","background-attachment":"scroll","background-type":"","background-media":"","overlay-type":"","overlay-color":"","overlay-opacity":"","overlay-gradient":""},"tablet":{"background-color":"","background-image":"","background-repeat":"repeat","background-position":"center center","background-size":"auto","background-attachment":"scroll","background-type":"","background-media":"","overlay-type":"","overlay-color":"","overlay-opacity":"","overlay-gradient":""},"mobile":{"background-color":"","background-image":"","background-repeat":"repeat","background-position":"center center","background-size":"auto","background-attachment":"scroll","background-type":"","background-media":"","overlay-type":"","overlay-color":"","overlay-opacity":"","overlay-gradient":""}},"ast-content-background-meta":{"desktop":{"background-color":"var(--ast-global-color-5)","background-image":"","background-repeat":"repeat","background-position":"center center","background-size":"auto","background-attachment":"scroll","background-type":"","background-media":"","overlay-type":"","overlay-color":"","overlay-opacity":"","overlay-gradient":""},"tablet":{"background-color":"var(--ast-global-color-5)","background-image":"","background-repeat":"repeat","background-position":"center center","background-size":"auto","background-attachment":"scroll","background-type":"","background-media":"","overlay-type":"","overlay-color":"","overlay-opacity":"","overlay-gradient":""},"mobile":{"background-color":"var(--ast-global-color-5)","background-image":"","background-repeat":"repeat","background-position":"center center","background-size":"auto","background-attachment":"scroll","background-type":"","background-media":"","overlay-type":"","overlay-color":"","overlay-opacity":"","overlay-gradient":""}}},"product_brand":[],"product_cat":[323],"product_tag":[],"class_list":{"0":"post-8782","1":"product","2":"type-product","3":"status-publish","4":"has-post-thumbnail","6":"product_cat-lime-paint","7":"desktop-align-left","8":"tablet-align-left","9":"mobile-align-left","11":"first","12":"instock","13":"taxable","14":"shipping-taxable","15":"purchasable","16":"product-type-variable"},"yoast_head":"<!-- This site is optimized with the Yoast SEO plugin v27.4 - https:\/\/yoast.com\/product\/yoast-seo-wordpress\/ -->\n<title>The Pinks Lime Paint Elegant Shades for Interior &amp; Exterior<\/title>\n<meta name=\"description\" content=\"Discover eco friendly and natural Pink Lime Paint. Smooth, grainy, or sandy finishes bring warmth and elegance to any wall surface.\" \/>\n<meta name=\"robots\" content=\"index, follow, max-snippet:-1, max-image-preview:large, max-video-preview:-1\" \/>\n<link rel=\"canonical\" href=\"https:\/\/artbeton.ca\/en\/product\/the-pinks-lime-paint\/\" \/>\n<meta property=\"og:locale\" content=\"en_US\" \/>\n<meta property=\"og:type\" content=\"article\" \/>\n<meta property=\"og:title\" content=\"The Pinks Lime Paint Elegant Shades for Interior &amp; Exterior\" \/>\n<meta property=\"og:description\" content=\"Discover eco friendly and natural Pink Lime Paint. Smooth, grainy, or sandy finishes bring warmth and elegance to any wall surface.\" \/>\n<meta property=\"og:url\" content=\"https:\/\/artbeton.ca\/en\/product\/the-pinks-lime-paint\/\" \/>\n<meta property=\"og:site_name\" content=\"ART B\u00c9TON\" \/>\n<meta property=\"article:publisher\" content=\"https:\/\/www.facebook.com\/Art-Bton-2064358856947702\/\" \/>\n<meta property=\"article:modified_time\" content=\"2025-11-18T16:42:09+00:00\" \/>\n<meta property=\"og:image\" content=\"http:\/\/artbeton.ca\/wp-content\/uploads\/2025\/09\/The-Pinks-Lime-Paint.png\" \/>\n\t<meta property=\"og:image:width\" content=\"2000\" \/>\n\t<meta property=\"og:image:height\" content=\"2000\" \/>\n\t<meta property=\"og:image:type\" content=\"image\/png\" \/>\n<meta name=\"twitter:card\" content=\"summary_large_image\" \/>\n<meta name=\"twitter:label1\" content=\"Est. reading time\" \/>\n\t<meta name=\"twitter:data1\" content=\"2 minutes\" \/>\n<script type=\"application\/ld+json\" class=\"yoast-schema-graph\">{\"@context\":\"https:\\\/\\\/schema.org\",\"@graph\":[{\"@type\":\"WebPage\",\"@id\":\"https:\\\/\\\/artbeton.ca\\\/en\\\/product\\\/the-pinks-lime-paint\\\/\",\"url\":\"https:\\\/\\\/artbeton.ca\\\/en\\\/product\\\/the-pinks-lime-paint\\\/\",\"name\":\"The Pinks Lime Paint Elegant Shades for Interior & Exterior\",\"isPartOf\":{\"@id\":\"https:\\\/\\\/artbeton.ca\\\/#website\"},\"primaryImageOfPage\":{\"@id\":\"https:\\\/\\\/artbeton.ca\\\/en\\\/product\\\/the-pinks-lime-paint\\\/#primaryimage\"},\"image\":{\"@id\":\"https:\\\/\\\/artbeton.ca\\\/en\\\/product\\\/the-pinks-lime-paint\\\/#primaryimage\"},\"thumbnailUrl\":\"https:\\\/\\\/artbeton.ca\\\/wp-content\\\/uploads\\\/2025\\\/09\\\/The-Pinks-Lime-Paint.png\",\"datePublished\":\"2025-09-03T13:13:00+00:00\",\"dateModified\":\"2025-11-18T16:42:09+00:00\",\"description\":\"Discover eco friendly and natural Pink Lime Paint. Smooth, grainy, or sandy finishes bring warmth and elegance to any wall surface.\",\"breadcrumb\":{\"@id\":\"https:\\\/\\\/artbeton.ca\\\/en\\\/product\\\/the-pinks-lime-paint\\\/#breadcrumb\"},\"inLanguage\":\"en-US\",\"potentialAction\":[{\"@type\":\"ReadAction\",\"target\":[\"https:\\\/\\\/artbeton.ca\\\/en\\\/product\\\/the-pinks-lime-paint\\\/\"]}]},{\"@type\":\"ImageObject\",\"inLanguage\":\"en-US\",\"@id\":\"https:\\\/\\\/artbeton.ca\\\/en\\\/product\\\/the-pinks-lime-paint\\\/#primaryimage\",\"url\":\"https:\\\/\\\/artbeton.ca\\\/wp-content\\\/uploads\\\/2025\\\/09\\\/The-Pinks-Lime-Paint.png\",\"contentUrl\":\"https:\\\/\\\/artbeton.ca\\\/wp-content\\\/uploads\\\/2025\\\/09\\\/The-Pinks-Lime-Paint.png\",\"width\":2000,\"height\":2000,\"caption\":\"Bucket of natural semi-creamy pink paint\"},{\"@type\":\"BreadcrumbList\",\"@id\":\"https:\\\/\\\/artbeton.ca\\\/en\\\/product\\\/the-pinks-lime-paint\\\/#breadcrumb\",\"itemListElement\":[{\"@type\":\"ListItem\",\"position\":1,\"name\":\"Accueil\",\"item\":\"https:\\\/\\\/artbeton.ca\\\/en\\\/home\\\/\"},{\"@type\":\"ListItem\",\"position\":2,\"name\":\"Shop\",\"item\":\"https:\\\/\\\/artbeton.ca\\\/en\\\/shop\\\/\"},{\"@type\":\"ListItem\",\"position\":3,\"name\":\"The Pinks | Lime Paint\"}]},{\"@type\":\"WebSite\",\"@id\":\"https:\\\/\\\/artbeton.ca\\\/#website\",\"url\":\"https:\\\/\\\/artbeton.ca\\\/\",\"name\":\"ART B\u00c9TON\",\"description\":\"Enduit de b\u00e9ton v\u00e9ritable d\u00e9coratif\",\"publisher\":{\"@id\":\"https:\\\/\\\/artbeton.ca\\\/#organization\"},\"potentialAction\":[{\"@type\":\"SearchAction\",\"target\":{\"@type\":\"EntryPoint\",\"urlTemplate\":\"https:\\\/\\\/artbeton.ca\\\/?s={search_term_string}\"},\"query-input\":{\"@type\":\"PropertyValueSpecification\",\"valueRequired\":true,\"valueName\":\"search_term_string\"}}],\"inLanguage\":\"en-US\"},{\"@type\":\"Organization\",\"@id\":\"https:\\\/\\\/artbeton.ca\\\/#organization\",\"name\":\"ART B\u00c9TON\",\"url\":\"https:\\\/\\\/artbeton.ca\\\/\",\"logo\":{\"@type\":\"ImageObject\",\"inLanguage\":\"en-US\",\"@id\":\"https:\\\/\\\/artbeton.ca\\\/#\\\/schema\\\/logo\\\/image\\\/\",\"url\":\"https:\\\/\\\/artbeton.ca\\\/wp-content\\\/uploads\\\/2023\\\/11\\\/BC-ArtBeton_Logo_web_EN-2.png\",\"contentUrl\":\"https:\\\/\\\/artbeton.ca\\\/wp-content\\\/uploads\\\/2023\\\/11\\\/BC-ArtBeton_Logo_web_EN-2.png\",\"width\":1757,\"height\":369,\"caption\":\"ART B\u00c9TON\"},\"image\":{\"@id\":\"https:\\\/\\\/artbeton.ca\\\/#\\\/schema\\\/logo\\\/image\\\/\"},\"sameAs\":[\"https:\\\/\\\/www.facebook.com\\\/Art-Bton-2064358856947702\\\/\",\"https:\\\/\\\/www.instagram.com\\\/in_stagram4525\\\/\"]}]}<\/script>\n<!-- \/ Yoast SEO plugin. -->","yoast_head_json":{"title":"The Pinks Lime Paint Elegant Shades for Interior & Exterior","description":"Discover eco friendly and natural Pink Lime Paint. Smooth, grainy, or sandy finishes bring warmth and elegance to any wall surface.","robots":{"index":"index","follow":"follow","max-snippet":"max-snippet:-1","max-image-preview":"max-image-preview:large","max-video-preview":"max-video-preview:-1"},"canonical":"https:\/\/artbeton.ca\/en\/product\/the-pinks-lime-paint\/","og_locale":"en_US","og_type":"article","og_title":"The Pinks Lime Paint Elegant Shades for Interior & Exterior","og_description":"Discover eco friendly and natural Pink Lime Paint. Smooth, grainy, or sandy finishes bring warmth and elegance to any wall surface.","og_url":"https:\/\/artbeton.ca\/en\/product\/the-pinks-lime-paint\/","og_site_name":"ART B\u00c9TON","article_publisher":"https:\/\/www.facebook.com\/Art-Bton-2064358856947702\/","article_modified_time":"2025-11-18T16:42:09+00:00","og_image":[{"width":2000,"height":2000,"url":"http:\/\/artbeton.ca\/wp-content\/uploads\/2025\/09\/The-Pinks-Lime-Paint.png","type":"image\/png"}],"twitter_card":"summary_large_image","twitter_misc":{"Est. reading time":"2 minutes"},"schema":{"@context":"https:\/\/schema.org","@graph":[{"@type":"WebPage","@id":"https:\/\/artbeton.ca\/en\/product\/the-pinks-lime-paint\/","url":"https:\/\/artbeton.ca\/en\/product\/the-pinks-lime-paint\/","name":"The Pinks Lime Paint Elegant Shades for Interior & Exterior","isPartOf":{"@id":"https:\/\/artbeton.ca\/#website"},"primaryImageOfPage":{"@id":"https:\/\/artbeton.ca\/en\/product\/the-pinks-lime-paint\/#primaryimage"},"image":{"@id":"https:\/\/artbeton.ca\/en\/product\/the-pinks-lime-paint\/#primaryimage"},"thumbnailUrl":"https:\/\/artbeton.ca\/wp-content\/uploads\/2025\/09\/The-Pinks-Lime-Paint.png","datePublished":"2025-09-03T13:13:00+00:00","dateModified":"2025-11-18T16:42:09+00:00","description":"Discover eco friendly and natural Pink Lime Paint. Smooth, grainy, or sandy finishes bring warmth and elegance to any wall surface.","breadcrumb":{"@id":"https:\/\/artbeton.ca\/en\/product\/the-pinks-lime-paint\/#breadcrumb"},"inLanguage":"en-US","potentialAction":[{"@type":"ReadAction","target":["https:\/\/artbeton.ca\/en\/product\/the-pinks-lime-paint\/"]}]},{"@type":"ImageObject","inLanguage":"en-US","@id":"https:\/\/artbeton.ca\/en\/product\/the-pinks-lime-paint\/#primaryimage","url":"https:\/\/artbeton.ca\/wp-content\/uploads\/2025\/09\/The-Pinks-Lime-Paint.png","contentUrl":"https:\/\/artbeton.ca\/wp-content\/uploads\/2025\/09\/The-Pinks-Lime-Paint.png","width":2000,"height":2000,"caption":"Bucket of natural semi-creamy pink paint"},{"@type":"BreadcrumbList","@id":"https:\/\/artbeton.ca\/en\/product\/the-pinks-lime-paint\/#breadcrumb","itemListElement":[{"@type":"ListItem","position":1,"name":"Accueil","item":"https:\/\/artbeton.ca\/en\/home\/"},{"@type":"ListItem","position":2,"name":"Shop","item":"https:\/\/artbeton.ca\/en\/shop\/"},{"@type":"ListItem","position":3,"name":"The Pinks | Lime Paint"}]},{"@type":"WebSite","@id":"https:\/\/artbeton.ca\/#website","url":"https:\/\/artbeton.ca\/","name":"ART B\u00c9TON","description":"Enduit de b\u00e9ton v\u00e9ritable d\u00e9coratif","publisher":{"@id":"https:\/\/artbeton.ca\/#organization"},"potentialAction":[{"@type":"SearchAction","target":{"@type":"EntryPoint","urlTemplate":"https:\/\/artbeton.ca\/?s={search_term_string}"},"query-input":{"@type":"PropertyValueSpecification","valueRequired":true,"valueName":"search_term_string"}}],"inLanguage":"en-US"},{"@type":"Organization","@id":"https:\/\/artbeton.ca\/#organization","name":"ART B\u00c9TON","url":"https:\/\/artbeton.ca\/","logo":{"@type":"ImageObject","inLanguage":"en-US","@id":"https:\/\/artbeton.ca\/#\/schema\/logo\/image\/","url":"https:\/\/artbeton.ca\/wp-content\/uploads\/2023\/11\/BC-ArtBeton_Logo_web_EN-2.png","contentUrl":"https:\/\/artbeton.ca\/wp-content\/uploads\/2023\/11\/BC-ArtBeton_Logo_web_EN-2.png","width":1757,"height":369,"caption":"ART B\u00c9TON"},"image":{"@id":"https:\/\/artbeton.ca\/#\/schema\/logo\/image\/"},"sameAs":["https:\/\/www.facebook.com\/Art-Bton-2064358856947702\/","https:\/\/www.instagram.com\/in_stagram4525\/"]}]}},"_links":{"self":[{"href":"https:\/\/artbeton.ca\/en\/wp-json\/wp\/v2\/product\/8782","targetHints":{"allow":["GET"]}}],"collection":[{"href":"https:\/\/artbeton.ca\/en\/wp-json\/wp\/v2\/product"}],"about":[{"href":"https:\/\/artbeton.ca\/en\/wp-json\/wp\/v2\/types\/product"}],"replies":[{"embeddable":true,"href":"https:\/\/artbeton.ca\/en\/wp-json\/wp\/v2\/comments?post=8782"}],"wp:featuredmedia":[{"embeddable":true,"href":"https:\/\/artbeton.ca\/en\/wp-json\/wp\/v2\/media\/11915"}],"wp:attachment":[{"href":"https:\/\/artbeton.ca\/en\/wp-json\/wp\/v2\/media?parent=8782"}],"wp:term":[{"taxonomy":"product_brand","embeddable":true,"href":"https:\/\/artbeton.ca\/en\/wp-json\/wp\/v2\/product_brand?post=8782"},{"taxonomy":"product_cat","embeddable":true,"href":"https:\/\/artbeton.ca\/en\/wp-json\/wp\/v2\/product_cat?post=8782"},{"taxonomy":"product_tag","embeddable":true,"href":"https:\/\/artbeton.ca\/en\/wp-json\/wp\/v2\/product_tag?post=8782"}],"curies":[{"name":"wp","href":"https:\/\/api.w.org\/{rel}","templated":true}]}}