{"id":826,"date":"2022-07-27T18:51:47","date_gmt":"2022-07-27T16:51:47","guid":{"rendered":"http:\/\/artbeton.ca\/produit\/concrete-plaster\/"},"modified":"2024-02-23T19:05:10","modified_gmt":"2024-02-23T18:05:10","slug":"concrete-coating","status":"publish","type":"product","link":"https:\/\/artbeton.ca\/en\/product\/concrete-coating\/","title":{"rendered":"Concrete plaster"},"content":{"rendered":"<p>&nbsp;<\/p>\n<p>SURFACE PREPARATION<\/p>\n<div class=\"margin-30px-tb\">\n<ul class=\"no-padding list-style-1\">\n<li>On new gypsum\u060c pull them as if painting\u060c on mdf or other material\u060c joined with grid fiberglass tape. Apply the Art B\u00e9ton Primer to the entire surface to be covered. Allow to dry until a translucent film is obtained before applying the Concrete Coating.<\/li>\n<li>On ceramic or any uneven surface, apply PRE-STEP 1 Leveler.<\/li>\n<\/ul>\n<p>CONCRETE COATING PREPARATION<\/p>\n<div class=\"margin-30px-tb\">\n<ul class=\"no-padding list-style-1\">\n<li>Empty the Concrete Plaster into a suitable boiler of 7 liters or more. Add the necessary water. Mix with a mixer to obtain a homogeneous paste. Scrape sides well while stirring. Make sure to obtain a perfectly homogeneous mixture and that all the pigments are dissolved.<\/li>\n<li>*** Once mixed, the concrete hardens in less than 3 hours in the boiler ***.<\/li>\n<\/ul>\n<p>APPLICATION OF CONCRETE COATING<\/p>\n<div class=\"margin-30px-tb\">\n<ul class=\"no-padding list-style-1\">\n<li>Apply a thin layer about 1 mm thick with a trowel or trowel. Make half-moons in all directions with the trowel. Gaps will be filled in the 2nd layer. Soften the raw edges with the spatula. Let dry until pale (about 2 hours, speed up drying with a fan). Apply a 2nd coat with the trowel by making half-moons, texture if desired. A 3rd coat can be applied if needed.<\/li>\n<\/ul>\n<p>FINISHING<\/p>\n<div class=\"margin-30px-tb\">\n<ul class=\"no-padding list-style-1\">\n<li>Wait until the next day in order to have optimal drying, sand the surface with 120 grit sandpaper to soften the edges and then with 180 grit paper. For a very smooth finish, use 320 paper. Proceed with sealing the concrete following the instructions in steps 3 and 4.<\/li>\n<li>CLEANING: Clean the instruments with water while the concrete is still fresh.<\/li>\n<\/ul>\n<p><a class=\"btn btn-large btn-dark md-margin-15px-bottom sm-display-table sm-margin-lr-auto\" href=\"\/couleurs\/\">OTHER COLORS ON SPECIAL ORDER<\/a><\/p>\n<p>WARRANTY<\/p>\n<div class=\"margin-30px-tb\">\n<ul class=\"no-padding list-style-1\">\n<li style=\"list-style-type: none;\">\n<ul class=\"no-padding list-style-1\">\n<li>Les Enduits Art B\u00e9ton offers a guarantee for its Art B\u00e9ton coating system. The warranty is applicable for one year from the date of purchase of the system. Les Enduits Art B\u00e9ton undertakes to replace the products used if, and only if, the application is made in strict accordance with the attached specifications and on a perfectly stable basis.<\/li>\n<li>Shelf life: 1 year after purchase<\/li>\n<li>Protect products from freezing at all times<\/li>\n<\/ul>\n<\/li>\n<\/ul>\n<p>*ARTB\u00c9TON COATING IS NON-FLAMABLE. FOR USE ON A FIREPLACE DECOR WALL, IT MUST BE APPLIED OVER FIBER CEMENT OR ANY OTHER NON-FLAMABLE MATERIAL.<\/p>\n<p><a class=\"btn btn-large btn-dark md-margin-15px-bottom sm-display-table sm-margin-lr-auto\" href=\"\/wp-content\/uploads\/2022\/07\/Guide-installation-produits-artbeton.pdf\" target=\"_blank\" rel=\"noopener\">COMPLETE INSTALLATION GUIDE (PDF)<\/a><\/p>\n<p><a class=\"btn btn-large btn-dark md-margin-15px-bottom sm-display-table sm-margin-lr-auto\" href=\"\/wp-content\/uploads\/2022\/07\/Prix-par-pied-carre-pour-projet-enduit-beton-decoratif.pdf\" target=\"_blank\" rel=\"noopener\">PRICE PER SQUARE FOOT FOR PROJECT<\/a><\/p>\n<\/div>\n<p><strong>YOU ARE AT STEP 2!<\/strong><\/p>\n<p><a class=\"btn btn-dark-gray btn-small text-extra-small\" href=\"\/produit\/appret-a-beton\/\">STEP 1 &#8211; PRIMER<\/a> <a class=\"btn btn-dark-gray btn-small text-extra-small\" href=\"\/produit\/scellant-a-beton\/\">STEP 3 &#8211; SEALANTS<\/a><\/p>\n<\/div>\n<\/div>\n<\/div>\n<\/div>\n","protected":false},"excerpt":{"rendered":"<p><strong>Surface<\/strong>: All surfaces: (Walls, counter, shower, floor, furniture, fireplace*)<br \/>\n<strong>Coverage: 70 sq. ft. \/ 2 coats (140 sq. ft. total)<\/strong><br \/>\n<strong>Pot life:<\/strong> 5h to 6h Close the boiler between uses<br \/>\n<strong>Drying time between coats:<\/strong> 1h to 2h (accelerate with a fan)<br \/>\n<strong>Number of layers:<\/strong> 2 layers<br \/>\n<strong>Tools required:<\/strong> Boiler of minimum 7 liters, mixer on drill, stick for scraping walls, smoother or trowel, sandpaper 120, 180, (350)<br \/>\n<strong>Time before proceeding to the other step:<\/strong> 12h to 24h (next day)<\/p>\n<p><strong>Interior\/Exterior<\/strong><\/p>\n<p><strong>IMPORTANT: THE 3 KG OF COATING MUST BE PREPARED IN COMPLETE TO CERTIFY THE COLOR *<\/strong><\/p>\n<p>Art B\u00e9ton Concrete Coating is real concrete that adheres to all surfaces. It is designed to be applied in 2 thin layers of 1 to 2mm each. Pay particular attention to the edges, apply an additional thickness to avoid crossing the concrete during sanding.<\/p>\n","protected":false},"featured_media":4696,"comment_status":"open","ping_status":"closed","template":"","meta":{"site-sidebar-layout":"default","site-content-layout":"default","ast-site-content-layout":"default","site-content-style":"default","site-sidebar-style":"default","ast-global-header-display":"","ast-banner-title-visibility":"","ast-main-header-display":"","ast-hfb-above-header-display":"","ast-hfb-below-header-display":"","ast-hfb-mobile-header-display":"","site-post-title":"","ast-breadcrumbs-content":"","ast-featured-img":"","footer-sml-layout":"","ast-disable-related-posts":"","theme-transparent-header-meta":"default","adv-header-id-meta":"","stick-header-meta":"default","header-above-stick-meta":"","header-main-stick-meta":"","header-below-stick-meta":"","astra-migrate-meta-layouts":"default","ast-page-background-enabled":"default","ast-page-background-meta":{"desktop":{"background-color":"var(--ast-global-color-4)","background-image":"","background-repeat":"repeat","background-position":"center center","background-size":"auto","background-attachment":"scroll","background-type":"","background-media":"","overlay-type":"","overlay-color":"","overlay-opacity":"","overlay-gradient":""},"tablet":{"background-color":"","background-image":"","background-repeat":"repeat","background-position":"center center","background-size":"auto","background-attachment":"scroll","background-type":"","background-media":"","overlay-type":"","overlay-color":"","overlay-opacity":"","overlay-gradient":""},"mobile":{"background-color":"","background-image":"","background-repeat":"repeat","background-position":"center center","background-size":"auto","background-attachment":"scroll","background-type":"","background-media":"","overlay-type":"","overlay-color":"","overlay-opacity":"","overlay-gradient":""}},"ast-content-background-meta":{"desktop":{"background-color":"var(--ast-global-color-5)","background-image":"","background-repeat":"repeat","background-position":"center center","background-size":"auto","background-attachment":"scroll","background-type":"","background-media":"","overlay-type":"","overlay-color":"","overlay-opacity":"","overlay-gradient":""},"tablet":{"background-color":"var(--ast-global-color-5)","background-image":"","background-repeat":"repeat","background-position":"center center","background-size":"auto","background-attachment":"scroll","background-type":"","background-media":"","overlay-type":"","overlay-color":"","overlay-opacity":"","overlay-gradient":""},"mobile":{"background-color":"var(--ast-global-color-5)","background-image":"","background-repeat":"repeat","background-position":"center center","background-size":"auto","background-attachment":"scroll","background-type":"","background-media":"","overlay-type":"","overlay-color":"","overlay-opacity":"","overlay-gradient":""}}},"product_brand":[],"product_cat":[59,263],"product_tag":[],"class_list":{"0":"post-826","1":"product","2":"type-product","3":"status-publish","4":"has-post-thumbnail","6":"product_cat-products","7":"product_cat-step-2-concrete-coating","8":"desktop-align-left","9":"tablet-align-left","10":"mobile-align-left","12":"first","13":"instock","14":"taxable","15":"shipping-taxable","16":"purchasable","17":"product-type-variable"},"yoast_head":"<!-- This site is optimized with the Yoast SEO plugin v27.4 - https:\/\/yoast.com\/product\/yoast-seo-wordpress\/ -->\n<title>Concrete plaster - ART B\u00c9TON<\/title>\n<meta name=\"robots\" content=\"index, follow, max-snippet:-1, max-image-preview:large, max-video-preview:-1\" \/>\n<link rel=\"canonical\" href=\"https:\/\/artbeton.ca\/en\/product\/concrete-coating\/\" \/>\n<meta property=\"og:locale\" content=\"en_US\" \/>\n<meta property=\"og:type\" content=\"article\" \/>\n<meta property=\"og:title\" content=\"Concrete plaster - ART B\u00c9TON\" \/>\n<meta property=\"og:description\" content=\"Surface: All surfaces: (Walls, counter, shower, floor, furniture, fireplace*) Coverage: 70 sq. ft. \/ 2 coats (140 sq. ft. total) Pot life: 5h to 6h Close the boiler between uses Drying time between coats: 1h to 2h (accelerate with a fan) Number of layers: 2 layers Tools required: Boiler of minimum 7 liters, mixer on drill, stick for scraping walls, smoother or trowel, sandpaper 120, 180, (350) Time before proceeding to the other step: 12h to 24h (next day) Interior\/Exterior IMPORTANT: THE 3 KG OF COATING MUST BE PREPARED IN COMPLETE TO CERTIFY THE COLOR * Art B\u00e9ton Concrete Coating is real concrete that adheres to all surfaces. It is designed to be applied in 2 thin layers of 1 to 2mm each. Pay particular attention to the edges, apply an additional thickness to avoid crossing the concrete during sanding.\" \/>\n<meta property=\"og:url\" content=\"https:\/\/artbeton.ca\/en\/product\/concrete-coating\/\" \/>\n<meta property=\"og:site_name\" content=\"ART B\u00c9TON\" \/>\n<meta property=\"article:publisher\" content=\"https:\/\/www.facebook.com\/Art-Bton-2064358856947702\/\" \/>\n<meta property=\"article:modified_time\" content=\"2024-02-23T18:05:10+00:00\" \/>\n<meta property=\"og:image\" content=\"https:\/\/artbeton.ca\/wp-content\/uploads\/2022\/07\/13-Enduit-3kg-6D3A0646-BR.jpg\" \/>\n\t<meta property=\"og:image:width\" content=\"1920\" \/>\n\t<meta property=\"og:image:height\" content=\"1920\" \/>\n\t<meta property=\"og:image:type\" content=\"image\/jpeg\" \/>\n<meta name=\"twitter:card\" content=\"summary_large_image\" \/>\n<meta name=\"twitter:label1\" content=\"Est. reading time\" \/>\n\t<meta name=\"twitter:data1\" content=\"2 minutes\" \/>\n<script type=\"application\/ld+json\" class=\"yoast-schema-graph\">{\"@context\":\"https:\\\/\\\/schema.org\",\"@graph\":[{\"@type\":\"WebPage\",\"@id\":\"https:\\\/\\\/artbeton.ca\\\/en\\\/product\\\/concrete-coating\\\/\",\"url\":\"https:\\\/\\\/artbeton.ca\\\/en\\\/product\\\/concrete-coating\\\/\",\"name\":\"Concrete plaster - ART B\u00c9TON\",\"isPartOf\":{\"@id\":\"https:\\\/\\\/artbeton.ca\\\/#website\"},\"primaryImageOfPage\":{\"@id\":\"https:\\\/\\\/artbeton.ca\\\/en\\\/product\\\/concrete-coating\\\/#primaryimage\"},\"image\":{\"@id\":\"https:\\\/\\\/artbeton.ca\\\/en\\\/product\\\/concrete-coating\\\/#primaryimage\"},\"thumbnailUrl\":\"https:\\\/\\\/artbeton.ca\\\/wp-content\\\/uploads\\\/2022\\\/07\\\/13-Enduit-3kg-6D3A0646-BR.jpg\",\"datePublished\":\"2022-07-27T16:51:47+00:00\",\"dateModified\":\"2024-02-23T18:05:10+00:00\",\"breadcrumb\":{\"@id\":\"https:\\\/\\\/artbeton.ca\\\/en\\\/product\\\/concrete-coating\\\/#breadcrumb\"},\"inLanguage\":\"en-US\",\"potentialAction\":[{\"@type\":\"ReadAction\",\"target\":[\"https:\\\/\\\/artbeton.ca\\\/en\\\/product\\\/concrete-coating\\\/\"]}]},{\"@type\":\"ImageObject\",\"inLanguage\":\"en-US\",\"@id\":\"https:\\\/\\\/artbeton.ca\\\/en\\\/product\\\/concrete-coating\\\/#primaryimage\",\"url\":\"https:\\\/\\\/artbeton.ca\\\/wp-content\\\/uploads\\\/2022\\\/07\\\/13-Enduit-3kg-6D3A0646-BR.jpg\",\"contentUrl\":\"https:\\\/\\\/artbeton.ca\\\/wp-content\\\/uploads\\\/2022\\\/07\\\/13-Enduit-3kg-6D3A0646-BR.jpg\",\"width\":1920,\"height\":1920},{\"@type\":\"BreadcrumbList\",\"@id\":\"https:\\\/\\\/artbeton.ca\\\/en\\\/product\\\/concrete-coating\\\/#breadcrumb\",\"itemListElement\":[{\"@type\":\"ListItem\",\"position\":1,\"name\":\"Accueil\",\"item\":\"https:\\\/\\\/artbeton.ca\\\/en\\\/home\\\/\"},{\"@type\":\"ListItem\",\"position\":2,\"name\":\"Shop\",\"item\":\"https:\\\/\\\/artbeton.ca\\\/en\\\/shop\\\/\"},{\"@type\":\"ListItem\",\"position\":3,\"name\":\"Concrete plaster\"}]},{\"@type\":\"WebSite\",\"@id\":\"https:\\\/\\\/artbeton.ca\\\/#website\",\"url\":\"https:\\\/\\\/artbeton.ca\\\/\",\"name\":\"ART B\u00c9TON\",\"description\":\"Enduit de b\u00e9ton v\u00e9ritable d\u00e9coratif\",\"publisher\":{\"@id\":\"https:\\\/\\\/artbeton.ca\\\/#organization\"},\"potentialAction\":[{\"@type\":\"SearchAction\",\"target\":{\"@type\":\"EntryPoint\",\"urlTemplate\":\"https:\\\/\\\/artbeton.ca\\\/?s={search_term_string}\"},\"query-input\":{\"@type\":\"PropertyValueSpecification\",\"valueRequired\":true,\"valueName\":\"search_term_string\"}}],\"inLanguage\":\"en-US\"},{\"@type\":\"Organization\",\"@id\":\"https:\\\/\\\/artbeton.ca\\\/#organization\",\"name\":\"ART B\u00c9TON\",\"url\":\"https:\\\/\\\/artbeton.ca\\\/\",\"logo\":{\"@type\":\"ImageObject\",\"inLanguage\":\"en-US\",\"@id\":\"https:\\\/\\\/artbeton.ca\\\/#\\\/schema\\\/logo\\\/image\\\/\",\"url\":\"https:\\\/\\\/artbeton.ca\\\/wp-content\\\/uploads\\\/2023\\\/11\\\/BC-ArtBeton_Logo_web_EN-2.png\",\"contentUrl\":\"https:\\\/\\\/artbeton.ca\\\/wp-content\\\/uploads\\\/2023\\\/11\\\/BC-ArtBeton_Logo_web_EN-2.png\",\"width\":1757,\"height\":369,\"caption\":\"ART B\u00c9TON\"},\"image\":{\"@id\":\"https:\\\/\\\/artbeton.ca\\\/#\\\/schema\\\/logo\\\/image\\\/\"},\"sameAs\":[\"https:\\\/\\\/www.facebook.com\\\/Art-Bton-2064358856947702\\\/\",\"https:\\\/\\\/www.instagram.com\\\/in_stagram4525\\\/\"]}]}<\/script>\n<!-- \/ Yoast SEO plugin. -->","yoast_head_json":{"title":"Concrete plaster - ART B\u00c9TON","robots":{"index":"index","follow":"follow","max-snippet":"max-snippet:-1","max-image-preview":"max-image-preview:large","max-video-preview":"max-video-preview:-1"},"canonical":"https:\/\/artbeton.ca\/en\/product\/concrete-coating\/","og_locale":"en_US","og_type":"article","og_title":"Concrete plaster - ART B\u00c9TON","og_description":"Surface: All surfaces: (Walls, counter, shower, floor, furniture, fireplace*) Coverage: 70 sq. ft. \/ 2 coats (140 sq. ft. total) Pot life: 5h to 6h Close the boiler between uses Drying time between coats: 1h to 2h (accelerate with a fan) Number of layers: 2 layers Tools required: Boiler of minimum 7 liters, mixer on drill, stick for scraping walls, smoother or trowel, sandpaper 120, 180, (350) Time before proceeding to the other step: 12h to 24h (next day) Interior\/Exterior IMPORTANT: THE 3 KG OF COATING MUST BE PREPARED IN COMPLETE TO CERTIFY THE COLOR * Art B\u00e9ton Concrete Coating is real concrete that adheres to all surfaces. It is designed to be applied in 2 thin layers of 1 to 2mm each. Pay particular attention to the edges, apply an additional thickness to avoid crossing the concrete during sanding.","og_url":"https:\/\/artbeton.ca\/en\/product\/concrete-coating\/","og_site_name":"ART B\u00c9TON","article_publisher":"https:\/\/www.facebook.com\/Art-Bton-2064358856947702\/","article_modified_time":"2024-02-23T18:05:10+00:00","og_image":[{"width":1920,"height":1920,"url":"https:\/\/artbeton.ca\/wp-content\/uploads\/2022\/07\/13-Enduit-3kg-6D3A0646-BR.jpg","type":"image\/jpeg"}],"twitter_card":"summary_large_image","twitter_misc":{"Est. reading time":"2 minutes"},"schema":{"@context":"https:\/\/schema.org","@graph":[{"@type":"WebPage","@id":"https:\/\/artbeton.ca\/en\/product\/concrete-coating\/","url":"https:\/\/artbeton.ca\/en\/product\/concrete-coating\/","name":"Concrete plaster - ART B\u00c9TON","isPartOf":{"@id":"https:\/\/artbeton.ca\/#website"},"primaryImageOfPage":{"@id":"https:\/\/artbeton.ca\/en\/product\/concrete-coating\/#primaryimage"},"image":{"@id":"https:\/\/artbeton.ca\/en\/product\/concrete-coating\/#primaryimage"},"thumbnailUrl":"https:\/\/artbeton.ca\/wp-content\/uploads\/2022\/07\/13-Enduit-3kg-6D3A0646-BR.jpg","datePublished":"2022-07-27T16:51:47+00:00","dateModified":"2024-02-23T18:05:10+00:00","breadcrumb":{"@id":"https:\/\/artbeton.ca\/en\/product\/concrete-coating\/#breadcrumb"},"inLanguage":"en-US","potentialAction":[{"@type":"ReadAction","target":["https:\/\/artbeton.ca\/en\/product\/concrete-coating\/"]}]},{"@type":"ImageObject","inLanguage":"en-US","@id":"https:\/\/artbeton.ca\/en\/product\/concrete-coating\/#primaryimage","url":"https:\/\/artbeton.ca\/wp-content\/uploads\/2022\/07\/13-Enduit-3kg-6D3A0646-BR.jpg","contentUrl":"https:\/\/artbeton.ca\/wp-content\/uploads\/2022\/07\/13-Enduit-3kg-6D3A0646-BR.jpg","width":1920,"height":1920},{"@type":"BreadcrumbList","@id":"https:\/\/artbeton.ca\/en\/product\/concrete-coating\/#breadcrumb","itemListElement":[{"@type":"ListItem","position":1,"name":"Accueil","item":"https:\/\/artbeton.ca\/en\/home\/"},{"@type":"ListItem","position":2,"name":"Shop","item":"https:\/\/artbeton.ca\/en\/shop\/"},{"@type":"ListItem","position":3,"name":"Concrete plaster"}]},{"@type":"WebSite","@id":"https:\/\/artbeton.ca\/#website","url":"https:\/\/artbeton.ca\/","name":"ART B\u00c9TON","description":"Enduit de b\u00e9ton v\u00e9ritable d\u00e9coratif","publisher":{"@id":"https:\/\/artbeton.ca\/#organization"},"potentialAction":[{"@type":"SearchAction","target":{"@type":"EntryPoint","urlTemplate":"https:\/\/artbeton.ca\/?s={search_term_string}"},"query-input":{"@type":"PropertyValueSpecification","valueRequired":true,"valueName":"search_term_string"}}],"inLanguage":"en-US"},{"@type":"Organization","@id":"https:\/\/artbeton.ca\/#organization","name":"ART B\u00c9TON","url":"https:\/\/artbeton.ca\/","logo":{"@type":"ImageObject","inLanguage":"en-US","@id":"https:\/\/artbeton.ca\/#\/schema\/logo\/image\/","url":"https:\/\/artbeton.ca\/wp-content\/uploads\/2023\/11\/BC-ArtBeton_Logo_web_EN-2.png","contentUrl":"https:\/\/artbeton.ca\/wp-content\/uploads\/2023\/11\/BC-ArtBeton_Logo_web_EN-2.png","width":1757,"height":369,"caption":"ART B\u00c9TON"},"image":{"@id":"https:\/\/artbeton.ca\/#\/schema\/logo\/image\/"},"sameAs":["https:\/\/www.facebook.com\/Art-Bton-2064358856947702\/","https:\/\/www.instagram.com\/in_stagram4525\/"]}]}},"_links":{"self":[{"href":"https:\/\/artbeton.ca\/en\/wp-json\/wp\/v2\/product\/826","targetHints":{"allow":["GET"]}}],"collection":[{"href":"https:\/\/artbeton.ca\/en\/wp-json\/wp\/v2\/product"}],"about":[{"href":"https:\/\/artbeton.ca\/en\/wp-json\/wp\/v2\/types\/product"}],"replies":[{"embeddable":true,"href":"https:\/\/artbeton.ca\/en\/wp-json\/wp\/v2\/comments?post=826"}],"wp:featuredmedia":[{"embeddable":true,"href":"https:\/\/artbeton.ca\/en\/wp-json\/wp\/v2\/media\/4696"}],"wp:attachment":[{"href":"https:\/\/artbeton.ca\/en\/wp-json\/wp\/v2\/media?parent=826"}],"wp:term":[{"taxonomy":"product_brand","embeddable":true,"href":"https:\/\/artbeton.ca\/en\/wp-json\/wp\/v2\/product_brand?post=826"},{"taxonomy":"product_cat","embeddable":true,"href":"https:\/\/artbeton.ca\/en\/wp-json\/wp\/v2\/product_cat?post=826"},{"taxonomy":"product_tag","embeddable":true,"href":"https:\/\/artbeton.ca\/en\/wp-json\/wp\/v2\/product_tag?post=826"}],"curies":[{"name":"wp","href":"https:\/\/api.w.org\/{rel}","templated":true}]}}