{"id":813,"date":"2022-07-27T19:17:34","date_gmt":"2022-07-27T17:17:34","guid":{"rendered":"http:\/\/artbeton.ca\/produit\/liquid-membrane-for-heavily-wet-areas-and-showers\/"},"modified":"2024-02-23T19:04:22","modified_gmt":"2024-02-23T18:04:22","slug":"liquid-membrane-art-beton","status":"publish","type":"product","link":"https:\/\/artbeton.ca\/en\/product\/liquid-membrane-art-beton\/","title":{"rendered":"Liquid membrane for heavily wet areas and showers"},"content":{"rendered":"<p>SUBSTRATE PREPARATION<\/p>\n<div class=\"margin-30px-tb\">\n<ul class=\"no-padding list-style-1\">\n<li>The substrate must be dry, firm, able to support loads and free of dust.<\/li>\n<\/ul>\n<p>APPLICATION<\/p>\n<div class=\"margin-30px-tb\">\n<ul class=\"no-padding list-style-1\">\n<li>Use a trowel, paintbrush, brush or short nap roller. Apply a good layer in the corners, the joints and stick the sealing strip in the still fresh layer. Always apply generously in two coats, for a total thickness of the two dry coats of at least 0.5 mm. The sealing strips are completely covered and are integrated inseparably into the sealing layer. At normal temperature, the second coat can be applied approximately 2 hours after the first, as soon as the liquid membrane is passable without damaging it.<\/li>\n<li>Drying can be accelerated with a fan<\/li>\n<li>The rest of the application of Art B\u00e9ton products can begin as soon as the second layer of liquid membrane is dry, after 12 hours at the earliest. Always take into account the application and use notes on the various Art B\u00e9ton products. The Primer must be put on the liquid membrane.<\/li>\n<li>STORAGE: store away from frost.<\/li>\n<li>CONSERVATION: about 6 months in the original sealed packaging.<\/li>\n<li>After drying, physiological and ecological neutrality.<\/li>\n<\/ul>\n<p>WARNING<\/p>\n<div class=\"margin-30px-tb\">\n<ul class=\"no-padding list-style-1\">\n<li>KEEP OUT OF REACH OF CHILDREN. AVOID CONTACT WITH EYES OR SKIN. MAY IRRITATE EYES, SKIN AND RESPIRATORY TRACT. WEAR GLASSES AND PROTECTIVE CLOTHING AND A RESPIRATORY MASK. Can provoke an allergic reaction.<\/li>\n<\/ul>\n<p>WARRANTY<\/p>\n<div class=\"margin-30px-tb\">\n<ul class=\"no-padding list-style-1\">\n<li style=\"list-style-type: none;\">\n<ul class=\"no-padding list-style-1\">\n<li>Les Enduits Art B\u00e9ton offers a guarantee for its Art B\u00e9ton coating system. The warranty is applicable for one year from the date of purchase of the system. Les Enduits Art B\u00e9ton undertakes to replace the products used if, and only if, the application is made in strict accordance with the attached specifications and on a perfectly stable basis.<\/li>\n<li>Shelf life: 1 year after purchase<\/li>\n<li>Protect products from freezing at all times<\/li>\n<\/ul>\n<\/li>\n<\/ul>\n<p>*ARTB\u00c9TON COATING IS NON-FLAMABLE. FOR USE ON A FIREPLACE DECOR WALL, IT MUST BE APPLIED OVER FIBER CEMENT OR ANY OTHER NON-FLAMABLE MATERIAL.<\/p>\n<p><a class=\"btn btn-large btn-dark md-margin-15px-bottom sm-display-table sm-margin-lr-auto\" href=\"\/wp-content\/uploads\/2022\/07\/Guide-installation-produits-artbeton.pdf\" target=\"_blank\" rel=\"noopener\">COMPLETE INSTALLATION GUIDE (PDF)<\/a><\/p>\n<p><a class=\"btn btn-large btn-dark md-margin-15px-bottom sm-display-table sm-margin-lr-auto\" href=\"\/wp-content\/uploads\/2022\/07\/Prix-par-pied-carre-pour-projet-enduit-beton-decoratif.pdf\" target=\"_blank\" rel=\"noopener\">PRICE PER SQUARE FOOT FOR PROJECT<\/a><\/p>\n<\/div>\n<\/div>\n<\/div>\n<\/div>\n","protected":false},"excerpt":{"rendered":"<p><strong>**Provide 500 ml of additional Primer per container** <\/strong><\/p>\n<p><strong>The liquid membrane allows sealing of walls and floors for heavily wet places such as shower, sink, bathtub, floor. ROLLER APPLICATION<\/strong><\/p>\n<p><strong>One container covers up to 140 sq. ft. for a single coat, 2 coats are required. <\/strong><\/p>\n<p><strong>Use the sealing strip in the corners to prevent water infiltration <\/strong><\/p>\n<p><strong>Surface<\/strong>: All surfaces (required for the shower, sink, exterior and heavily wet areas, recommended for the floor)<br \/>\n<strong>Coverage<\/strong>: 160 sq. ft.<br \/>\n<strong>Tools needed<\/strong>: trowel, paintbrush, brush or short-haired roller.<br \/>\n<strong>Cleaning of tools<\/strong>: Water when product is still fresh<br \/>\n<strong>Time before applying the other step<\/strong>: 12h to 24h (next day)<\/p>\n<p><strong>Monocomponent | Junction of cracks | Solvent Free | Ready to use<\/strong><\/p>\n<p>Authorized for the realization of composite waterproofing in heavily wet places of the stress class A according to the principles of control for the issue of a certi\ufb01cate in the areas subject to the supervision of work carried out with waterproofing materials of consistency liquid.<\/p>\n<p><strong>Areas of application<\/strong>: INDOOR. WALL AND FLOOR. Sealing of walls and floors during stresses such as those that occur in baths, shower areas above bathtubs and shower trays. Easy to use, has a malleable and pasty consistency, does not run or splash. When dry, it is water repellent and very flexible.<\/p>\n","protected":false},"featured_media":4694,"comment_status":"open","ping_status":"closed","template":"","meta":{"site-sidebar-layout":"default","site-content-layout":"default","ast-site-content-layout":"default","site-content-style":"default","site-sidebar-style":"default","ast-global-header-display":"","ast-banner-title-visibility":"","ast-main-header-display":"","ast-hfb-above-header-display":"","ast-hfb-below-header-display":"","ast-hfb-mobile-header-display":"","site-post-title":"","ast-breadcrumbs-content":"","ast-featured-img":"","footer-sml-layout":"","ast-disable-related-posts":"","theme-transparent-header-meta":"default","adv-header-id-meta":"","stick-header-meta":"default","header-above-stick-meta":"","header-main-stick-meta":"","header-below-stick-meta":"","astra-migrate-meta-layouts":"default","ast-page-background-enabled":"default","ast-page-background-meta":{"desktop":{"background-color":"var(--ast-global-color-4)","background-image":"","background-repeat":"repeat","background-position":"center center","background-size":"auto","background-attachment":"scroll","background-type":"","background-media":"","overlay-type":"","overlay-color":"","overlay-opacity":"","overlay-gradient":""},"tablet":{"background-color":"","background-image":"","background-repeat":"repeat","background-position":"center center","background-size":"auto","background-attachment":"scroll","background-type":"","background-media":"","overlay-type":"","overlay-color":"","overlay-opacity":"","overlay-gradient":""},"mobile":{"background-color":"","background-image":"","background-repeat":"repeat","background-position":"center center","background-size":"auto","background-attachment":"scroll","background-type":"","background-media":"","overlay-type":"","overlay-color":"","overlay-opacity":"","overlay-gradient":""}},"ast-content-background-meta":{"desktop":{"background-color":"var(--ast-global-color-5)","background-image":"","background-repeat":"repeat","background-position":"center center","background-size":"auto","background-attachment":"scroll","background-type":"","background-media":"","overlay-type":"","overlay-color":"","overlay-opacity":"","overlay-gradient":""},"tablet":{"background-color":"var(--ast-global-color-5)","background-image":"","background-repeat":"repeat","background-position":"center center","background-size":"auto","background-attachment":"scroll","background-type":"","background-media":"","overlay-type":"","overlay-color":"","overlay-opacity":"","overlay-gradient":""},"mobile":{"background-color":"var(--ast-global-color-5)","background-image":"","background-repeat":"repeat","background-position":"center center","background-size":"auto","background-attachment":"scroll","background-type":"","background-media":"","overlay-type":"","overlay-color":"","overlay-opacity":"","overlay-gradient":""}}},"product_brand":[],"product_cat":[260],"product_tag":[],"class_list":{"0":"post-813","1":"product","2":"type-product","3":"status-publish","4":"has-post-thumbnail","6":"product_cat-pre-step","7":"desktop-align-left","8":"tablet-align-left","9":"mobile-align-left","11":"first","12":"instock","13":"taxable","14":"shipping-taxable","15":"purchasable","16":"product-type-simple"},"yoast_head":"<!-- This site is optimized with the Yoast SEO plugin v27.4 - https:\/\/yoast.com\/product\/yoast-seo-wordpress\/ -->\n<title>Liquid membrane for heavily wet areas and showers - ART B\u00c9TON<\/title>\n<meta name=\"robots\" content=\"index, follow, max-snippet:-1, max-image-preview:large, max-video-preview:-1\" \/>\n<link rel=\"canonical\" href=\"https:\/\/artbeton.ca\/en\/product\/liquid-membrane-art-beton\/\" \/>\n<meta property=\"og:locale\" content=\"en_US\" \/>\n<meta property=\"og:type\" content=\"article\" \/>\n<meta property=\"og:title\" content=\"Liquid membrane for heavily wet areas and showers - ART B\u00c9TON\" \/>\n<meta property=\"og:description\" content=\"**Provide 500 ml of additional Primer per container**  The liquid membrane allows sealing of walls and floors for heavily wet places such as shower, sink, bathtub, floor. ROLLER APPLICATION One container covers up to 140 sq. ft. for a single coat, 2 coats are required.  Use the sealing strip in the corners to prevent water infiltration  Surface: All surfaces (required for the shower, sink, exterior and heavily wet areas, recommended for the floor) Coverage: 160 sq. ft. Tools needed: trowel, paintbrush, brush or short-haired roller. Cleaning of tools: Water when product is still fresh Time before applying the other step: 12h to 24h (next day) Monocomponent | Junction of cracks | Solvent Free | Ready to use Authorized for the realization of composite waterproofing in heavily wet places of the stress class A according to the principles of control for the issue of a certi\ufb01cate in the areas subject to the supervision of work carried out with waterproofing materials of consistency liquid. Areas of application: INDOOR. WALL AND FLOOR. Sealing of walls and floors during stresses such as those that occur in baths, shower areas above bathtubs and shower trays. Easy to use, has a malleable and pasty consistency, does not run or splash. When dry, it is water repellent and very flexible.\" \/>\n<meta property=\"og:url\" content=\"https:\/\/artbeton.ca\/en\/product\/liquid-membrane-art-beton\/\" \/>\n<meta property=\"og:site_name\" content=\"ART B\u00c9TON\" \/>\n<meta property=\"article:publisher\" content=\"https:\/\/www.facebook.com\/Art-Bton-2064358856947702\/\" \/>\n<meta property=\"article:modified_time\" content=\"2024-02-23T18:04:22+00:00\" \/>\n<meta property=\"og:image\" content=\"https:\/\/artbeton.ca\/wp-content\/uploads\/2022\/07\/3-Liquid_membrane_6D3A0693-BR.jpg\" \/>\n\t<meta property=\"og:image:width\" content=\"1920\" \/>\n\t<meta property=\"og:image:height\" content=\"1920\" \/>\n\t<meta property=\"og:image:type\" content=\"image\/jpeg\" \/>\n<meta name=\"twitter:card\" content=\"summary_large_image\" \/>\n<meta name=\"twitter:label1\" content=\"Est. reading time\" \/>\n\t<meta name=\"twitter:data1\" content=\"2 minutes\" \/>\n<script type=\"application\/ld+json\" class=\"yoast-schema-graph\">{\"@context\":\"https:\\\/\\\/schema.org\",\"@graph\":[{\"@type\":\"WebPage\",\"@id\":\"https:\\\/\\\/artbeton.ca\\\/en\\\/product\\\/liquid-membrane-art-beton\\\/\",\"url\":\"https:\\\/\\\/artbeton.ca\\\/en\\\/product\\\/liquid-membrane-art-beton\\\/\",\"name\":\"Liquid membrane for heavily wet areas and showers - ART B\u00c9TON\",\"isPartOf\":{\"@id\":\"https:\\\/\\\/artbeton.ca\\\/#website\"},\"primaryImageOfPage\":{\"@id\":\"https:\\\/\\\/artbeton.ca\\\/en\\\/product\\\/liquid-membrane-art-beton\\\/#primaryimage\"},\"image\":{\"@id\":\"https:\\\/\\\/artbeton.ca\\\/en\\\/product\\\/liquid-membrane-art-beton\\\/#primaryimage\"},\"thumbnailUrl\":\"https:\\\/\\\/artbeton.ca\\\/wp-content\\\/uploads\\\/2022\\\/07\\\/3-Liquid_membrane_6D3A0693-BR.jpg\",\"datePublished\":\"2022-07-27T17:17:34+00:00\",\"dateModified\":\"2024-02-23T18:04:22+00:00\",\"breadcrumb\":{\"@id\":\"https:\\\/\\\/artbeton.ca\\\/en\\\/product\\\/liquid-membrane-art-beton\\\/#breadcrumb\"},\"inLanguage\":\"en-US\",\"potentialAction\":[{\"@type\":\"ReadAction\",\"target\":[\"https:\\\/\\\/artbeton.ca\\\/en\\\/product\\\/liquid-membrane-art-beton\\\/\"]}]},{\"@type\":\"ImageObject\",\"inLanguage\":\"en-US\",\"@id\":\"https:\\\/\\\/artbeton.ca\\\/en\\\/product\\\/liquid-membrane-art-beton\\\/#primaryimage\",\"url\":\"https:\\\/\\\/artbeton.ca\\\/wp-content\\\/uploads\\\/2022\\\/07\\\/3-Liquid_membrane_6D3A0693-BR.jpg\",\"contentUrl\":\"https:\\\/\\\/artbeton.ca\\\/wp-content\\\/uploads\\\/2022\\\/07\\\/3-Liquid_membrane_6D3A0693-BR.jpg\",\"width\":1920,\"height\":1920},{\"@type\":\"BreadcrumbList\",\"@id\":\"https:\\\/\\\/artbeton.ca\\\/en\\\/product\\\/liquid-membrane-art-beton\\\/#breadcrumb\",\"itemListElement\":[{\"@type\":\"ListItem\",\"position\":1,\"name\":\"Accueil\",\"item\":\"https:\\\/\\\/artbeton.ca\\\/en\\\/home\\\/\"},{\"@type\":\"ListItem\",\"position\":2,\"name\":\"Shop\",\"item\":\"https:\\\/\\\/artbeton.ca\\\/en\\\/shop\\\/\"},{\"@type\":\"ListItem\",\"position\":3,\"name\":\"Liquid membrane for heavily wet areas and showers\"}]},{\"@type\":\"WebSite\",\"@id\":\"https:\\\/\\\/artbeton.ca\\\/#website\",\"url\":\"https:\\\/\\\/artbeton.ca\\\/\",\"name\":\"ART B\u00c9TON\",\"description\":\"Enduit de b\u00e9ton v\u00e9ritable d\u00e9coratif\",\"publisher\":{\"@id\":\"https:\\\/\\\/artbeton.ca\\\/#organization\"},\"potentialAction\":[{\"@type\":\"SearchAction\",\"target\":{\"@type\":\"EntryPoint\",\"urlTemplate\":\"https:\\\/\\\/artbeton.ca\\\/?s={search_term_string}\"},\"query-input\":{\"@type\":\"PropertyValueSpecification\",\"valueRequired\":true,\"valueName\":\"search_term_string\"}}],\"inLanguage\":\"en-US\"},{\"@type\":\"Organization\",\"@id\":\"https:\\\/\\\/artbeton.ca\\\/#organization\",\"name\":\"ART B\u00c9TON\",\"url\":\"https:\\\/\\\/artbeton.ca\\\/\",\"logo\":{\"@type\":\"ImageObject\",\"inLanguage\":\"en-US\",\"@id\":\"https:\\\/\\\/artbeton.ca\\\/#\\\/schema\\\/logo\\\/image\\\/\",\"url\":\"https:\\\/\\\/artbeton.ca\\\/wp-content\\\/uploads\\\/2023\\\/11\\\/BC-ArtBeton_Logo_web_EN-2.png\",\"contentUrl\":\"https:\\\/\\\/artbeton.ca\\\/wp-content\\\/uploads\\\/2023\\\/11\\\/BC-ArtBeton_Logo_web_EN-2.png\",\"width\":1757,\"height\":369,\"caption\":\"ART B\u00c9TON\"},\"image\":{\"@id\":\"https:\\\/\\\/artbeton.ca\\\/#\\\/schema\\\/logo\\\/image\\\/\"},\"sameAs\":[\"https:\\\/\\\/www.facebook.com\\\/Art-Bton-2064358856947702\\\/\",\"https:\\\/\\\/www.instagram.com\\\/in_stagram4525\\\/\"]}]}<\/script>\n<!-- \/ Yoast SEO plugin. -->","yoast_head_json":{"title":"Liquid membrane for heavily wet areas and showers - ART B\u00c9TON","robots":{"index":"index","follow":"follow","max-snippet":"max-snippet:-1","max-image-preview":"max-image-preview:large","max-video-preview":"max-video-preview:-1"},"canonical":"https:\/\/artbeton.ca\/en\/product\/liquid-membrane-art-beton\/","og_locale":"en_US","og_type":"article","og_title":"Liquid membrane for heavily wet areas and showers - ART B\u00c9TON","og_description":"**Provide 500 ml of additional Primer per container**  The liquid membrane allows sealing of walls and floors for heavily wet places such as shower, sink, bathtub, floor. ROLLER APPLICATION One container covers up to 140 sq. ft. for a single coat, 2 coats are required.  Use the sealing strip in the corners to prevent water infiltration  Surface: All surfaces (required for the shower, sink, exterior and heavily wet areas, recommended for the floor) Coverage: 160 sq. ft. Tools needed: trowel, paintbrush, brush or short-haired roller. Cleaning of tools: Water when product is still fresh Time before applying the other step: 12h to 24h (next day) Monocomponent | Junction of cracks | Solvent Free | Ready to use Authorized for the realization of composite waterproofing in heavily wet places of the stress class A according to the principles of control for the issue of a certi\ufb01cate in the areas subject to the supervision of work carried out with waterproofing materials of consistency liquid. Areas of application: INDOOR. WALL AND FLOOR. Sealing of walls and floors during stresses such as those that occur in baths, shower areas above bathtubs and shower trays. Easy to use, has a malleable and pasty consistency, does not run or splash. When dry, it is water repellent and very flexible.","og_url":"https:\/\/artbeton.ca\/en\/product\/liquid-membrane-art-beton\/","og_site_name":"ART B\u00c9TON","article_publisher":"https:\/\/www.facebook.com\/Art-Bton-2064358856947702\/","article_modified_time":"2024-02-23T18:04:22+00:00","og_image":[{"width":1920,"height":1920,"url":"https:\/\/artbeton.ca\/wp-content\/uploads\/2022\/07\/3-Liquid_membrane_6D3A0693-BR.jpg","type":"image\/jpeg"}],"twitter_card":"summary_large_image","twitter_misc":{"Est. reading time":"2 minutes"},"schema":{"@context":"https:\/\/schema.org","@graph":[{"@type":"WebPage","@id":"https:\/\/artbeton.ca\/en\/product\/liquid-membrane-art-beton\/","url":"https:\/\/artbeton.ca\/en\/product\/liquid-membrane-art-beton\/","name":"Liquid membrane for heavily wet areas and showers - ART B\u00c9TON","isPartOf":{"@id":"https:\/\/artbeton.ca\/#website"},"primaryImageOfPage":{"@id":"https:\/\/artbeton.ca\/en\/product\/liquid-membrane-art-beton\/#primaryimage"},"image":{"@id":"https:\/\/artbeton.ca\/en\/product\/liquid-membrane-art-beton\/#primaryimage"},"thumbnailUrl":"https:\/\/artbeton.ca\/wp-content\/uploads\/2022\/07\/3-Liquid_membrane_6D3A0693-BR.jpg","datePublished":"2022-07-27T17:17:34+00:00","dateModified":"2024-02-23T18:04:22+00:00","breadcrumb":{"@id":"https:\/\/artbeton.ca\/en\/product\/liquid-membrane-art-beton\/#breadcrumb"},"inLanguage":"en-US","potentialAction":[{"@type":"ReadAction","target":["https:\/\/artbeton.ca\/en\/product\/liquid-membrane-art-beton\/"]}]},{"@type":"ImageObject","inLanguage":"en-US","@id":"https:\/\/artbeton.ca\/en\/product\/liquid-membrane-art-beton\/#primaryimage","url":"https:\/\/artbeton.ca\/wp-content\/uploads\/2022\/07\/3-Liquid_membrane_6D3A0693-BR.jpg","contentUrl":"https:\/\/artbeton.ca\/wp-content\/uploads\/2022\/07\/3-Liquid_membrane_6D3A0693-BR.jpg","width":1920,"height":1920},{"@type":"BreadcrumbList","@id":"https:\/\/artbeton.ca\/en\/product\/liquid-membrane-art-beton\/#breadcrumb","itemListElement":[{"@type":"ListItem","position":1,"name":"Accueil","item":"https:\/\/artbeton.ca\/en\/home\/"},{"@type":"ListItem","position":2,"name":"Shop","item":"https:\/\/artbeton.ca\/en\/shop\/"},{"@type":"ListItem","position":3,"name":"Liquid membrane for heavily wet areas and showers"}]},{"@type":"WebSite","@id":"https:\/\/artbeton.ca\/#website","url":"https:\/\/artbeton.ca\/","name":"ART B\u00c9TON","description":"Enduit de b\u00e9ton v\u00e9ritable d\u00e9coratif","publisher":{"@id":"https:\/\/artbeton.ca\/#organization"},"potentialAction":[{"@type":"SearchAction","target":{"@type":"EntryPoint","urlTemplate":"https:\/\/artbeton.ca\/?s={search_term_string}"},"query-input":{"@type":"PropertyValueSpecification","valueRequired":true,"valueName":"search_term_string"}}],"inLanguage":"en-US"},{"@type":"Organization","@id":"https:\/\/artbeton.ca\/#organization","name":"ART B\u00c9TON","url":"https:\/\/artbeton.ca\/","logo":{"@type":"ImageObject","inLanguage":"en-US","@id":"https:\/\/artbeton.ca\/#\/schema\/logo\/image\/","url":"https:\/\/artbeton.ca\/wp-content\/uploads\/2023\/11\/BC-ArtBeton_Logo_web_EN-2.png","contentUrl":"https:\/\/artbeton.ca\/wp-content\/uploads\/2023\/11\/BC-ArtBeton_Logo_web_EN-2.png","width":1757,"height":369,"caption":"ART B\u00c9TON"},"image":{"@id":"https:\/\/artbeton.ca\/#\/schema\/logo\/image\/"},"sameAs":["https:\/\/www.facebook.com\/Art-Bton-2064358856947702\/","https:\/\/www.instagram.com\/in_stagram4525\/"]}]}},"_links":{"self":[{"href":"https:\/\/artbeton.ca\/en\/wp-json\/wp\/v2\/product\/813","targetHints":{"allow":["GET"]}}],"collection":[{"href":"https:\/\/artbeton.ca\/en\/wp-json\/wp\/v2\/product"}],"about":[{"href":"https:\/\/artbeton.ca\/en\/wp-json\/wp\/v2\/types\/product"}],"replies":[{"embeddable":true,"href":"https:\/\/artbeton.ca\/en\/wp-json\/wp\/v2\/comments?post=813"}],"wp:featuredmedia":[{"embeddable":true,"href":"https:\/\/artbeton.ca\/en\/wp-json\/wp\/v2\/media\/4694"}],"wp:attachment":[{"href":"https:\/\/artbeton.ca\/en\/wp-json\/wp\/v2\/media?parent=813"}],"wp:term":[{"taxonomy":"product_brand","embeddable":true,"href":"https:\/\/artbeton.ca\/en\/wp-json\/wp\/v2\/product_brand?post=813"},{"taxonomy":"product_cat","embeddable":true,"href":"https:\/\/artbeton.ca\/en\/wp-json\/wp\/v2\/product_cat?post=813"},{"taxonomy":"product_tag","embeddable":true,"href":"https:\/\/artbeton.ca\/en\/wp-json\/wp\/v2\/product_tag?post=813"}],"curies":[{"name":"wp","href":"https:\/\/api.w.org\/{rel}","templated":true}]}}