{"id":682,"date":"2022-08-02T23:19:42","date_gmt":"2022-08-02T21:19:42","guid":{"rendered":"http:\/\/artbeton.ca\/produit\/concrete-nivelant\/"},"modified":"2023-01-18T16:27:58","modified_gmt":"2023-01-18T15:27:58","slug":"concrete-leveler-for-ceramic-joints","status":"publish","type":"product","link":"https:\/\/artbeton.ca\/en\/product\/concrete-leveler-for-ceramic-joints\/","title":{"rendered":"Concrete Nivelant"},"content":{"rendered":"<section>\n<div class=\"container\">\n<div class=\"row\">\n<div class=\"col-md-6 col-sm-12 offset-md-1 aos-init aos-animate\" data-aos=\"fade-left\">\n<div class=\"display-table width-100 height-100\">\n<div class=\"display-table-cell vertical-align-middle\">\n<p>SURFACE PREPARATION<\/p>\n<div class=\"margin-30px-tb\">\n<ul class=\"no-padding list-style-1\">\n<li>Make sure that each tile or surface to be covered is stable. Clean with TSP if necessary, let dry. Apply Roller <strong>Primer<\/strong> in one coat. Use a brush to cover the corners. Leave to dry until a translucent film is obtained before applying the leveler. Speed up drying with a fan.<\/li>\n<\/ul>\n<p>CONCRETE LEVELER PREPARATION<\/p>\n<div class=\"margin-30px-tb\">\n<ul class=\"no-padding list-style-1\">\n<li>Put the leveling agent in a suitable boiler, add the water, then mix using a mixer to obtain a homogeneous paste.<\/li>\n<\/ul>\n<p>CONCRETE LEVELER APPLICATION<\/p>\n<div class=\"margin-30px-tb\">\n<ul class=\"no-padding list-style-1\">\n<li>Apply a coat with a trowel or trowel to fill the ceramic joints. When the first coat is partially dry (30 min to 2 hours), apply a second coat to level the surface. Allow to dry completely, 12 to 24 hours, before proceeding to Step 1 of the application of Art B\u00e9ton products. Speed up drying with a fan.<\/li>\n<li>*** The leveler hardens in less than 3 hours following mixing in the boiler ***<\/li>\n<\/ul>\n<p>FINISHING<\/p>\n<div class=\"margin-30px-tb\">\n<ul class=\"no-padding list-style-1\">\n<li>After drying for 12 to 24 hours, lightly sand the leveler with 80 grit sandpaper if necessary. You must apply the <strong>Art B\u00e9ton<\/strong> Primer to the leveled surfaces for maximum adhesion of the Art B\u00e9ton Coating. Follow the instructions for steps 1 to 4 provided by Art B\u00e9ton for the rest of the procedures.<\/li>\n<li>CLEANING: Clean the instruments with water or neutral soap when the leveler is still fresh.<\/li>\n<\/ul>\n<p>WARRANTY<\/p>\n<div class=\"margin-30px-tb\">\n<ul class=\"no-padding list-style-1\">\n<li style=\"list-style-type: none;\">\n<ul class=\"no-padding list-style-1\">\n<li>Les Enduits Art B\u00e9ton offers a guarantee for its Art B\u00e9ton coating system. The warranty is applicable for one year from the date of purchase of the system. Les Enduits Art B\u00e9ton undertakes to replace the products used if, and only if, the application is made in strict accordance with the attached specifications and on a perfectly stable basis.<\/li>\n<li>Shelf life: 1 year after purchase<\/li>\n<li>Protect products from freezing at all times<\/li>\n<\/ul>\n<\/li>\n<\/ul>\n<p>*ARTB\u00c9TON COATING IS NON-FLAMABLE. FOR USE ON A FIREPLACE DECOR WALL, IT MUST BE APPLIED OVER FIBER CEMENT OR ANY OTHER NON-FLAMABLE MATERIAL.<\/p>\n<p><a class=\"btn btn-large btn-dark md-margin-15px-bottom sm-display-table sm-margin-lr-auto\" href=\"\/wp-content\/uploads\/2022\/07\/Guide-installation-produits-artbeton.pdf\" target=\"_blank\" rel=\"noopener\">COMPLETE INSTALLATION GUIDE (PDF)<\/a><\/p>\n<p><a class=\"btn btn-large btn-dark md-margin-15px-bottom sm-display-table sm-margin-lr-auto\" href=\"\/wp-content\/uploads\/2022\/07\/Prix-par-pied-carre-pour-projet-enduit-beton-decoratif.pdf\" target=\"_blank\" rel=\"noopener\">PRICE PER SQUARE FOOT FOR PROJECT<\/a><\/p>\n<\/div>\n<p><strong>YOU ARE AT STEP 2! \ud83d\ude42<\/strong><\/p>\n<p><a class=\"btn btn-dark-gray btn-small text-extra-small\" href=\"https:\/\/artbeton.ca\/en\/product\/primer-to-concrete\/\">STEP 1 &#8211; PRIMER<\/a> <a class=\"btn btn-dark-gray btn-small text-extra-small\" href=\"https:\/\/artbeton.ca\/en\/product\/concrete-sealer\/\">STEP 3 &#8211; SEALANTS<\/a> <a class=\"btn btn-dark-gray btn-small text-extra-small\" href=\"https:\/\/artbeton.ca\/en\/product\/concrete-art-varnish\/\">STEP 4 &#8211; VARNISH<\/a><\/p>\n<\/div>\n<\/div>\n<\/div>\n<\/div>\n<\/div>\n<\/div>\n<\/div>\n<\/div>\n<\/div>\n<\/section>\n<footer class=\"footer-center-logo-dark bg-extra-dark-gray padding-five-tb xs-padding-30px-tb\">\n<div class=\"container\">\n<div class=\"row\">\n<div class=\"col-md-4 col-sm-5 col-xs-12 text-small text-center alt-font display-table xs-text-center xs-margin-15px-bottom\"><\/div>\n<\/div>\n<\/div>\n<\/footer>\n","protected":false},"excerpt":{"rendered":"<p>**Provide 500 ml of additional Primer per container of leveler**<\/p>\n<p>Ceramic Joint Concrete Leveler should be used on ceramic to fill joints before starting the project, or on an uneven surface to achieve a smooth surface.<\/p>\n<p>&#8211; Apply the Primer (2 coats on porous surface) then one or two coats of leveler with a trowel to obtain a smooth surface. Let dry 12h to 24h<\/p>\n<p><strong>Surface<\/strong>: All surfaces: (Walls, counter, shower, floor, furniture, fireplace*)<br \/>\n<strong>Pot life:<\/strong> 3h Close the boiler between uses<br \/>\n<strong>Drying time between coats<\/strong>: 30 min to 2h (accelerate with a fan)<br \/>\n<strong>Number of layers:<\/strong> 2 layers<br \/>\n<strong>Tools required:<\/strong> Boiler of minimum 7 liters, mixer on drill, stick for scraping walls, smoother or trowel<br \/>\n<strong>Time before proceeding to the other step:<\/strong> 12h to 24h (next day)<\/p>\n<p><strong>Interior\/Exterior<\/strong><\/p>\n<p>The Art B\u00e9ton leveler is used to level irregular surfaces, such as ceramics, before the application of the Concrete coating.<\/p>\n<p>&#8211; Follow the 4 regular steps starting with the Primer<\/p>\n","protected":false},"featured_media":608,"comment_status":"open","ping_status":"closed","template":"","meta":{"site-sidebar-layout":"default","site-content-layout":"default","ast-site-content-layout":"default","site-content-style":"default","site-sidebar-style":"default","ast-global-header-display":"","ast-banner-title-visibility":"","ast-main-header-display":"","ast-hfb-above-header-display":"","ast-hfb-below-header-display":"","ast-hfb-mobile-header-display":"","site-post-title":"","ast-breadcrumbs-content":"","ast-featured-img":"","footer-sml-layout":"","ast-disable-related-posts":"","theme-transparent-header-meta":"default","adv-header-id-meta":"","stick-header-meta":"default","header-above-stick-meta":"","header-main-stick-meta":"","header-below-stick-meta":"","astra-migrate-meta-layouts":"default","ast-page-background-enabled":"default","ast-page-background-meta":{"desktop":{"background-color":"var(--ast-global-color-4)","background-image":"","background-repeat":"repeat","background-position":"center center","background-size":"auto","background-attachment":"scroll","background-type":"","background-media":"","overlay-type":"","overlay-color":"","overlay-opacity":"","overlay-gradient":""},"tablet":{"background-color":"","background-image":"","background-repeat":"repeat","background-position":"center center","background-size":"auto","background-attachment":"scroll","background-type":"","background-media":"","overlay-type":"","overlay-color":"","overlay-opacity":"","overlay-gradient":""},"mobile":{"background-color":"","background-image":"","background-repeat":"repeat","background-position":"center center","background-size":"auto","background-attachment":"scroll","background-type":"","background-media":"","overlay-type":"","overlay-color":"","overlay-opacity":"","overlay-gradient":""}},"ast-content-background-meta":{"desktop":{"background-color":"var(--ast-global-color-5)","background-image":"","background-repeat":"repeat","background-position":"center center","background-size":"auto","background-attachment":"scroll","background-type":"","background-media":"","overlay-type":"","overlay-color":"","overlay-opacity":"","overlay-gradient":""},"tablet":{"background-color":"var(--ast-global-color-5)","background-image":"","background-repeat":"repeat","background-position":"center center","background-size":"auto","background-attachment":"scroll","background-type":"","background-media":"","overlay-type":"","overlay-color":"","overlay-opacity":"","overlay-gradient":""},"mobile":{"background-color":"var(--ast-global-color-5)","background-image":"","background-repeat":"repeat","background-position":"center center","background-size":"auto","background-attachment":"scroll","background-type":"","background-media":"","overlay-type":"","overlay-color":"","overlay-opacity":"","overlay-gradient":""}}},"product_brand":[],"product_cat":[59],"product_tag":[],"class_list":{"0":"post-682","1":"product","2":"type-product","3":"status-publish","4":"has-post-thumbnail","6":"product_cat-products","7":"desktop-align-left","8":"tablet-align-left","9":"mobile-align-left","11":"first","12":"instock","13":"taxable","14":"shipping-taxable","15":"purchasable","16":"product-type-variable"},"yoast_head":"<!-- This site is optimized with the Yoast SEO plugin v27.4 - https:\/\/yoast.com\/product\/yoast-seo-wordpress\/ -->\n<title>Concrete Nivelant - ART B\u00c9TON<\/title>\n<meta name=\"robots\" content=\"index, follow, max-snippet:-1, max-image-preview:large, max-video-preview:-1\" \/>\n<link rel=\"canonical\" href=\"https:\/\/artbeton.ca\/en\/product\/concrete-leveler-for-ceramic-joints\/\" \/>\n<meta property=\"og:locale\" content=\"en_US\" \/>\n<meta property=\"og:type\" content=\"article\" \/>\n<meta property=\"og:title\" content=\"Concrete Nivelant - ART B\u00c9TON\" \/>\n<meta property=\"og:description\" content=\"**Provide 500 ml of additional Primer per container of leveler** Ceramic Joint Concrete Leveler should be used on ceramic to fill joints before starting the project, or on an uneven surface to achieve a smooth surface. - Apply the Primer (2 coats on porous surface) then one or two coats of leveler with a trowel to obtain a smooth surface. Let dry 12h to 24h Surface: All surfaces: (Walls, counter, shower, floor, furniture, fireplace*) Pot life: 3h Close the boiler between uses Drying time between coats: 30 min to 2h (accelerate with a fan) Number of layers: 2 layers Tools required: Boiler of minimum 7 liters, mixer on drill, stick for scraping walls, smoother or trowel Time before proceeding to the other step: 12h to 24h (next day) Interior\/Exterior The Art B\u00e9ton leveler is used to level irregular surfaces, such as ceramics, before the application of the Concrete coating. - Follow the 4 regular steps starting with the Primer\" \/>\n<meta property=\"og:url\" content=\"https:\/\/artbeton.ca\/en\/product\/concrete-leveler-for-ceramic-joints\/\" \/>\n<meta property=\"og:site_name\" content=\"ART B\u00c9TON\" \/>\n<meta property=\"article:publisher\" content=\"https:\/\/www.facebook.com\/Art-Bton-2064358856947702\/\" \/>\n<meta property=\"article:modified_time\" content=\"2023-01-18T15:27:58+00:00\" \/>\n<meta property=\"og:image\" content=\"https:\/\/artbeton.ca\/wp-content\/uploads\/2022\/07\/nivelant-beton-ceramique.jpg\" \/>\n\t<meta property=\"og:image:width\" content=\"400\" \/>\n\t<meta property=\"og:image:height\" content=\"444\" \/>\n\t<meta property=\"og:image:type\" content=\"image\/jpeg\" \/>\n<meta name=\"twitter:card\" content=\"summary_large_image\" \/>\n<meta name=\"twitter:label1\" content=\"Est. reading time\" \/>\n\t<meta name=\"twitter:data1\" content=\"2 minutes\" \/>\n<script type=\"application\/ld+json\" class=\"yoast-schema-graph\">{\"@context\":\"https:\\\/\\\/schema.org\",\"@graph\":[{\"@type\":\"WebPage\",\"@id\":\"https:\\\/\\\/artbeton.ca\\\/en\\\/product\\\/concrete-leveler-for-ceramic-joints\\\/\",\"url\":\"https:\\\/\\\/artbeton.ca\\\/en\\\/product\\\/concrete-leveler-for-ceramic-joints\\\/\",\"name\":\"Concrete Nivelant - ART B\u00c9TON\",\"isPartOf\":{\"@id\":\"https:\\\/\\\/artbeton.ca\\\/#website\"},\"primaryImageOfPage\":{\"@id\":\"https:\\\/\\\/artbeton.ca\\\/en\\\/product\\\/concrete-leveler-for-ceramic-joints\\\/#primaryimage\"},\"image\":{\"@id\":\"https:\\\/\\\/artbeton.ca\\\/en\\\/product\\\/concrete-leveler-for-ceramic-joints\\\/#primaryimage\"},\"thumbnailUrl\":\"https:\\\/\\\/artbeton.ca\\\/wp-content\\\/uploads\\\/2022\\\/07\\\/nivelant-beton-ceramique.jpg\",\"datePublished\":\"2022-08-02T21:19:42+00:00\",\"dateModified\":\"2023-01-18T15:27:58+00:00\",\"breadcrumb\":{\"@id\":\"https:\\\/\\\/artbeton.ca\\\/en\\\/product\\\/concrete-leveler-for-ceramic-joints\\\/#breadcrumb\"},\"inLanguage\":\"en-US\",\"potentialAction\":[{\"@type\":\"ReadAction\",\"target\":[\"https:\\\/\\\/artbeton.ca\\\/en\\\/product\\\/concrete-leveler-for-ceramic-joints\\\/\"]}]},{\"@type\":\"ImageObject\",\"inLanguage\":\"en-US\",\"@id\":\"https:\\\/\\\/artbeton.ca\\\/en\\\/product\\\/concrete-leveler-for-ceramic-joints\\\/#primaryimage\",\"url\":\"https:\\\/\\\/artbeton.ca\\\/wp-content\\\/uploads\\\/2022\\\/07\\\/nivelant-beton-ceramique.jpg\",\"contentUrl\":\"https:\\\/\\\/artbeton.ca\\\/wp-content\\\/uploads\\\/2022\\\/07\\\/nivelant-beton-ceramique.jpg\",\"width\":400,\"height\":444},{\"@type\":\"BreadcrumbList\",\"@id\":\"https:\\\/\\\/artbeton.ca\\\/en\\\/product\\\/concrete-leveler-for-ceramic-joints\\\/#breadcrumb\",\"itemListElement\":[{\"@type\":\"ListItem\",\"position\":1,\"name\":\"Accueil\",\"item\":\"https:\\\/\\\/artbeton.ca\\\/en\\\/home\\\/\"},{\"@type\":\"ListItem\",\"position\":2,\"name\":\"Shop\",\"item\":\"https:\\\/\\\/artbeton.ca\\\/en\\\/shop\\\/\"},{\"@type\":\"ListItem\",\"position\":3,\"name\":\"Concrete Nivelant\"}]},{\"@type\":\"WebSite\",\"@id\":\"https:\\\/\\\/artbeton.ca\\\/#website\",\"url\":\"https:\\\/\\\/artbeton.ca\\\/\",\"name\":\"ART B\u00c9TON\",\"description\":\"Enduit de b\u00e9ton v\u00e9ritable d\u00e9coratif\",\"publisher\":{\"@id\":\"https:\\\/\\\/artbeton.ca\\\/#organization\"},\"potentialAction\":[{\"@type\":\"SearchAction\",\"target\":{\"@type\":\"EntryPoint\",\"urlTemplate\":\"https:\\\/\\\/artbeton.ca\\\/?s={search_term_string}\"},\"query-input\":{\"@type\":\"PropertyValueSpecification\",\"valueRequired\":true,\"valueName\":\"search_term_string\"}}],\"inLanguage\":\"en-US\"},{\"@type\":\"Organization\",\"@id\":\"https:\\\/\\\/artbeton.ca\\\/#organization\",\"name\":\"ART B\u00c9TON\",\"url\":\"https:\\\/\\\/artbeton.ca\\\/\",\"logo\":{\"@type\":\"ImageObject\",\"inLanguage\":\"en-US\",\"@id\":\"https:\\\/\\\/artbeton.ca\\\/#\\\/schema\\\/logo\\\/image\\\/\",\"url\":\"https:\\\/\\\/artbeton.ca\\\/wp-content\\\/uploads\\\/2023\\\/11\\\/BC-ArtBeton_Logo_web_EN-2.png\",\"contentUrl\":\"https:\\\/\\\/artbeton.ca\\\/wp-content\\\/uploads\\\/2023\\\/11\\\/BC-ArtBeton_Logo_web_EN-2.png\",\"width\":1757,\"height\":369,\"caption\":\"ART B\u00c9TON\"},\"image\":{\"@id\":\"https:\\\/\\\/artbeton.ca\\\/#\\\/schema\\\/logo\\\/image\\\/\"},\"sameAs\":[\"https:\\\/\\\/www.facebook.com\\\/Art-Bton-2064358856947702\\\/\",\"https:\\\/\\\/www.instagram.com\\\/in_stagram4525\\\/\"]}]}<\/script>\n<!-- \/ Yoast SEO plugin. -->","yoast_head_json":{"title":"Concrete Nivelant - ART B\u00c9TON","robots":{"index":"index","follow":"follow","max-snippet":"max-snippet:-1","max-image-preview":"max-image-preview:large","max-video-preview":"max-video-preview:-1"},"canonical":"https:\/\/artbeton.ca\/en\/product\/concrete-leveler-for-ceramic-joints\/","og_locale":"en_US","og_type":"article","og_title":"Concrete Nivelant - ART B\u00c9TON","og_description":"**Provide 500 ml of additional Primer per container of leveler** Ceramic Joint Concrete Leveler should be used on ceramic to fill joints before starting the project, or on an uneven surface to achieve a smooth surface. - Apply the Primer (2 coats on porous surface) then one or two coats of leveler with a trowel to obtain a smooth surface. Let dry 12h to 24h Surface: All surfaces: (Walls, counter, shower, floor, furniture, fireplace*) Pot life: 3h Close the boiler between uses Drying time between coats: 30 min to 2h (accelerate with a fan) Number of layers: 2 layers Tools required: Boiler of minimum 7 liters, mixer on drill, stick for scraping walls, smoother or trowel Time before proceeding to the other step: 12h to 24h (next day) Interior\/Exterior The Art B\u00e9ton leveler is used to level irregular surfaces, such as ceramics, before the application of the Concrete coating. - Follow the 4 regular steps starting with the Primer","og_url":"https:\/\/artbeton.ca\/en\/product\/concrete-leveler-for-ceramic-joints\/","og_site_name":"ART B\u00c9TON","article_publisher":"https:\/\/www.facebook.com\/Art-Bton-2064358856947702\/","article_modified_time":"2023-01-18T15:27:58+00:00","og_image":[{"width":400,"height":444,"url":"https:\/\/artbeton.ca\/wp-content\/uploads\/2022\/07\/nivelant-beton-ceramique.jpg","type":"image\/jpeg"}],"twitter_card":"summary_large_image","twitter_misc":{"Est. reading time":"2 minutes"},"schema":{"@context":"https:\/\/schema.org","@graph":[{"@type":"WebPage","@id":"https:\/\/artbeton.ca\/en\/product\/concrete-leveler-for-ceramic-joints\/","url":"https:\/\/artbeton.ca\/en\/product\/concrete-leveler-for-ceramic-joints\/","name":"Concrete Nivelant - ART B\u00c9TON","isPartOf":{"@id":"https:\/\/artbeton.ca\/#website"},"primaryImageOfPage":{"@id":"https:\/\/artbeton.ca\/en\/product\/concrete-leveler-for-ceramic-joints\/#primaryimage"},"image":{"@id":"https:\/\/artbeton.ca\/en\/product\/concrete-leveler-for-ceramic-joints\/#primaryimage"},"thumbnailUrl":"https:\/\/artbeton.ca\/wp-content\/uploads\/2022\/07\/nivelant-beton-ceramique.jpg","datePublished":"2022-08-02T21:19:42+00:00","dateModified":"2023-01-18T15:27:58+00:00","breadcrumb":{"@id":"https:\/\/artbeton.ca\/en\/product\/concrete-leveler-for-ceramic-joints\/#breadcrumb"},"inLanguage":"en-US","potentialAction":[{"@type":"ReadAction","target":["https:\/\/artbeton.ca\/en\/product\/concrete-leveler-for-ceramic-joints\/"]}]},{"@type":"ImageObject","inLanguage":"en-US","@id":"https:\/\/artbeton.ca\/en\/product\/concrete-leveler-for-ceramic-joints\/#primaryimage","url":"https:\/\/artbeton.ca\/wp-content\/uploads\/2022\/07\/nivelant-beton-ceramique.jpg","contentUrl":"https:\/\/artbeton.ca\/wp-content\/uploads\/2022\/07\/nivelant-beton-ceramique.jpg","width":400,"height":444},{"@type":"BreadcrumbList","@id":"https:\/\/artbeton.ca\/en\/product\/concrete-leveler-for-ceramic-joints\/#breadcrumb","itemListElement":[{"@type":"ListItem","position":1,"name":"Accueil","item":"https:\/\/artbeton.ca\/en\/home\/"},{"@type":"ListItem","position":2,"name":"Shop","item":"https:\/\/artbeton.ca\/en\/shop\/"},{"@type":"ListItem","position":3,"name":"Concrete Nivelant"}]},{"@type":"WebSite","@id":"https:\/\/artbeton.ca\/#website","url":"https:\/\/artbeton.ca\/","name":"ART B\u00c9TON","description":"Enduit de b\u00e9ton v\u00e9ritable d\u00e9coratif","publisher":{"@id":"https:\/\/artbeton.ca\/#organization"},"potentialAction":[{"@type":"SearchAction","target":{"@type":"EntryPoint","urlTemplate":"https:\/\/artbeton.ca\/?s={search_term_string}"},"query-input":{"@type":"PropertyValueSpecification","valueRequired":true,"valueName":"search_term_string"}}],"inLanguage":"en-US"},{"@type":"Organization","@id":"https:\/\/artbeton.ca\/#organization","name":"ART B\u00c9TON","url":"https:\/\/artbeton.ca\/","logo":{"@type":"ImageObject","inLanguage":"en-US","@id":"https:\/\/artbeton.ca\/#\/schema\/logo\/image\/","url":"https:\/\/artbeton.ca\/wp-content\/uploads\/2023\/11\/BC-ArtBeton_Logo_web_EN-2.png","contentUrl":"https:\/\/artbeton.ca\/wp-content\/uploads\/2023\/11\/BC-ArtBeton_Logo_web_EN-2.png","width":1757,"height":369,"caption":"ART B\u00c9TON"},"image":{"@id":"https:\/\/artbeton.ca\/#\/schema\/logo\/image\/"},"sameAs":["https:\/\/www.facebook.com\/Art-Bton-2064358856947702\/","https:\/\/www.instagram.com\/in_stagram4525\/"]}]}},"_links":{"self":[{"href":"https:\/\/artbeton.ca\/en\/wp-json\/wp\/v2\/product\/682","targetHints":{"allow":["GET"]}}],"collection":[{"href":"https:\/\/artbeton.ca\/en\/wp-json\/wp\/v2\/product"}],"about":[{"href":"https:\/\/artbeton.ca\/en\/wp-json\/wp\/v2\/types\/product"}],"replies":[{"embeddable":true,"href":"https:\/\/artbeton.ca\/en\/wp-json\/wp\/v2\/comments?post=682"}],"wp:featuredmedia":[{"embeddable":true,"href":"https:\/\/artbeton.ca\/en\/wp-json\/wp\/v2\/media\/608"}],"wp:attachment":[{"href":"https:\/\/artbeton.ca\/en\/wp-json\/wp\/v2\/media?parent=682"}],"wp:term":[{"taxonomy":"product_brand","embeddable":true,"href":"https:\/\/artbeton.ca\/en\/wp-json\/wp\/v2\/product_brand?post=682"},{"taxonomy":"product_cat","embeddable":true,"href":"https:\/\/artbeton.ca\/en\/wp-json\/wp\/v2\/product_cat?post=682"},{"taxonomy":"product_tag","embeddable":true,"href":"https:\/\/artbeton.ca\/en\/wp-json\/wp\/v2\/product_tag?post=682"}],"curies":[{"name":"wp","href":"https:\/\/api.w.org\/{rel}","templated":true}]}}