{"id":681,"date":"2022-08-02T23:27:19","date_gmt":"2022-08-02T21:27:19","guid":{"rendered":"http:\/\/artbeton.ca\/produit\/fiberglass-tape-12ft-x-2-inch\/"},"modified":"2024-11-06T03:35:12","modified_gmt":"2024-11-06T02:35:12","slug":"paper-grid-fiberglass-for-joint-12-feet-x-2","status":"publish","type":"product","link":"https:\/\/artbeton.ca\/en\/product\/paper-grid-fiberglass-for-joint-12-feet-x-2\/","title":{"rendered":"Fiberglass tape 12ft x 2 inch"},"content":{"rendered":"","protected":false},"excerpt":{"rendered":"<p>Fiberglass grid paper to be applied to all joints prior to blue primer in Step 1.<\/p>\n<p>It stabilizes the surface and reduces the risk of cracks.<\/p>\n<p>Glue and nail the two parts together, fill the joint with crack filler, apply the squared paper and apply the blue primer on top.<\/p>\n","protected":false},"featured_media":613,"comment_status":"open","ping_status":"closed","template":"","meta":{"site-sidebar-layout":"default","site-content-layout":"default","ast-site-content-layout":"default","site-content-style":"default","site-sidebar-style":"default","ast-global-header-display":"","ast-banner-title-visibility":"","ast-main-header-display":"","ast-hfb-above-header-display":"","ast-hfb-below-header-display":"","ast-hfb-mobile-header-display":"","site-post-title":"","ast-breadcrumbs-content":"","ast-featured-img":"","footer-sml-layout":"","ast-disable-related-posts":"","theme-transparent-header-meta":"default","adv-header-id-meta":"","stick-header-meta":"default","header-above-stick-meta":"","header-main-stick-meta":"","header-below-stick-meta":"","astra-migrate-meta-layouts":"default","ast-page-background-enabled":"default","ast-page-background-meta":{"desktop":{"background-color":"var(--ast-global-color-4)","background-image":"","background-repeat":"repeat","background-position":"center center","background-size":"auto","background-attachment":"scroll","background-type":"","background-media":"","overlay-type":"","overlay-color":"","overlay-opacity":"","overlay-gradient":""},"tablet":{"background-color":"","background-image":"","background-repeat":"repeat","background-position":"center center","background-size":"auto","background-attachment":"scroll","background-type":"","background-media":"","overlay-type":"","overlay-color":"","overlay-opacity":"","overlay-gradient":""},"mobile":{"background-color":"","background-image":"","background-repeat":"repeat","background-position":"center center","background-size":"auto","background-attachment":"scroll","background-type":"","background-media":"","overlay-type":"","overlay-color":"","overlay-opacity":"","overlay-gradient":""}},"ast-content-background-meta":{"desktop":{"background-color":"var(--ast-global-color-5)","background-image":"","background-repeat":"repeat","background-position":"center center","background-size":"auto","background-attachment":"scroll","background-type":"","background-media":"","overlay-type":"","overlay-color":"","overlay-opacity":"","overlay-gradient":""},"tablet":{"background-color":"var(--ast-global-color-5)","background-image":"","background-repeat":"repeat","background-position":"center center","background-size":"auto","background-attachment":"scroll","background-type":"","background-media":"","overlay-type":"","overlay-color":"","overlay-opacity":"","overlay-gradient":""},"mobile":{"background-color":"var(--ast-global-color-5)","background-image":"","background-repeat":"repeat","background-position":"center center","background-size":"auto","background-attachment":"scroll","background-type":"","background-media":"","overlay-type":"","overlay-color":"","overlay-opacity":"","overlay-gradient":""}}},"product_brand":[],"product_cat":[260],"product_tag":[],"class_list":{"0":"post-681","1":"product","2":"type-product","3":"status-publish","4":"has-post-thumbnail","6":"product_cat-pre-step","7":"desktop-align-left","8":"tablet-align-left","9":"mobile-align-left","11":"first","12":"instock","13":"taxable","14":"shipping-taxable","15":"purchasable","16":"product-type-simple"},"yoast_head":"<!-- This site is optimized with the Yoast SEO plugin v27.1.1 - https:\/\/yoast.com\/product\/yoast-seo-wordpress\/ -->\n<title>Fiberglass tape 12ft x 2 inch - ART B\u00c9TON<\/title>\n<meta name=\"robots\" content=\"index, follow, max-snippet:-1, max-image-preview:large, max-video-preview:-1\" \/>\n<link rel=\"canonical\" href=\"https:\/\/artbeton.ca\/en\/product\/paper-grid-fiberglass-for-joint-12-feet-x-2\/\" \/>\n<meta property=\"og:locale\" content=\"en_US\" \/>\n<meta property=\"og:type\" content=\"article\" \/>\n<meta property=\"og:title\" content=\"Fiberglass tape 12ft x 2 inch - ART B\u00c9TON\" \/>\n<meta property=\"og:description\" content=\"Fiberglass grid paper to be applied to all joints prior to blue primer in Step 1. It stabilizes the surface and reduces the risk of cracks. Glue and nail the two parts together, fill the joint with crack filler, apply the squared paper and apply the blue primer on top.\" \/>\n<meta property=\"og:url\" content=\"https:\/\/artbeton.ca\/en\/product\/paper-grid-fiberglass-for-joint-12-feet-x-2\/\" \/>\n<meta property=\"og:site_name\" content=\"ART B\u00c9TON\" \/>\n<meta property=\"article:publisher\" content=\"https:\/\/www.facebook.com\/Art-Bton-2064358856947702\/\" \/>\n<meta property=\"article:modified_time\" content=\"2024-11-06T02:35:12+00:00\" \/>\n<meta property=\"og:image\" content=\"https:\/\/artbeton.ca\/wp-content\/uploads\/2022\/08\/Bt1Eq6go_papier-quadrille-d8f308aa-83fe-4fe3-aa22-debd5be9bacf.webp\" \/>\n\t<meta property=\"og:image:width\" content=\"525\" \/>\n\t<meta property=\"og:image:height\" content=\"700\" \/>\n\t<meta property=\"og:image:type\" content=\"image\/webp\" \/>\n<meta name=\"twitter:card\" content=\"summary_large_image\" \/>\n<script type=\"application\/ld+json\" class=\"yoast-schema-graph\">{\"@context\":\"https:\/\/schema.org\",\"@graph\":[{\"@type\":\"WebPage\",\"@id\":\"https:\/\/artbeton.ca\/en\/product\/paper-grid-fiberglass-for-joint-12-feet-x-2\/\",\"url\":\"https:\/\/artbeton.ca\/en\/product\/paper-grid-fiberglass-for-joint-12-feet-x-2\/\",\"name\":\"Fiberglass tape 12ft x 2 inch - ART B\u00c9TON\",\"isPartOf\":{\"@id\":\"https:\/\/artbeton.ca\/#website\"},\"primaryImageOfPage\":{\"@id\":\"https:\/\/artbeton.ca\/en\/product\/paper-grid-fiberglass-for-joint-12-feet-x-2\/#primaryimage\"},\"image\":{\"@id\":\"https:\/\/artbeton.ca\/en\/product\/paper-grid-fiberglass-for-joint-12-feet-x-2\/#primaryimage\"},\"thumbnailUrl\":\"https:\/\/artbeton.ca\/wp-content\/uploads\/2022\/08\/Bt1Eq6go_papier-quadrille-d8f308aa-83fe-4fe3-aa22-debd5be9bacf.webp\",\"datePublished\":\"2022-08-02T21:27:19+00:00\",\"dateModified\":\"2024-11-06T02:35:12+00:00\",\"breadcrumb\":{\"@id\":\"https:\/\/artbeton.ca\/en\/product\/paper-grid-fiberglass-for-joint-12-feet-x-2\/#breadcrumb\"},\"inLanguage\":\"en-US\",\"potentialAction\":[{\"@type\":\"ReadAction\",\"target\":[\"https:\/\/artbeton.ca\/en\/product\/paper-grid-fiberglass-for-joint-12-feet-x-2\/\"]}]},{\"@type\":\"ImageObject\",\"inLanguage\":\"en-US\",\"@id\":\"https:\/\/artbeton.ca\/en\/product\/paper-grid-fiberglass-for-joint-12-feet-x-2\/#primaryimage\",\"url\":\"https:\/\/artbeton.ca\/wp-content\/uploads\/2022\/08\/Bt1Eq6go_papier-quadrille-d8f308aa-83fe-4fe3-aa22-debd5be9bacf.webp\",\"contentUrl\":\"https:\/\/artbeton.ca\/wp-content\/uploads\/2022\/08\/Bt1Eq6go_papier-quadrille-d8f308aa-83fe-4fe3-aa22-debd5be9bacf.webp\",\"width\":525,\"height\":700},{\"@type\":\"BreadcrumbList\",\"@id\":\"https:\/\/artbeton.ca\/en\/product\/paper-grid-fiberglass-for-joint-12-feet-x-2\/#breadcrumb\",\"itemListElement\":[{\"@type\":\"ListItem\",\"position\":1,\"name\":\"Accueil\",\"item\":\"https:\/\/artbeton.ca\/en\/home\/\"},{\"@type\":\"ListItem\",\"position\":2,\"name\":\"Shop\",\"item\":\"https:\/\/artbeton.ca\/en\/shop\/\"},{\"@type\":\"ListItem\",\"position\":3,\"name\":\"Fiberglass tape 12ft x 2 inch\"}]},{\"@type\":\"WebSite\",\"@id\":\"https:\/\/artbeton.ca\/#website\",\"url\":\"https:\/\/artbeton.ca\/\",\"name\":\"ART B\u00c9TON\",\"description\":\"Enduit de b\u00e9ton v\u00e9ritable d\u00e9coratif\",\"publisher\":{\"@id\":\"https:\/\/artbeton.ca\/#organization\"},\"potentialAction\":[{\"@type\":\"SearchAction\",\"target\":{\"@type\":\"EntryPoint\",\"urlTemplate\":\"https:\/\/artbeton.ca\/?s={search_term_string}\"},\"query-input\":{\"@type\":\"PropertyValueSpecification\",\"valueRequired\":true,\"valueName\":\"search_term_string\"}}],\"inLanguage\":\"en-US\"},{\"@type\":\"Organization\",\"@id\":\"https:\/\/artbeton.ca\/#organization\",\"name\":\"ART B\u00c9TON\",\"url\":\"https:\/\/artbeton.ca\/\",\"logo\":{\"@type\":\"ImageObject\",\"inLanguage\":\"en-US\",\"@id\":\"https:\/\/artbeton.ca\/#\/schema\/logo\/image\/\",\"url\":\"https:\/\/artbeton.ca\/wp-content\/uploads\/2023\/11\/BC-ArtBeton_Logo_web_EN-2.png\",\"contentUrl\":\"https:\/\/artbeton.ca\/wp-content\/uploads\/2023\/11\/BC-ArtBeton_Logo_web_EN-2.png\",\"width\":1757,\"height\":369,\"caption\":\"ART B\u00c9TON\"},\"image\":{\"@id\":\"https:\/\/artbeton.ca\/#\/schema\/logo\/image\/\"},\"sameAs\":[\"https:\/\/www.facebook.com\/Art-Bton-2064358856947702\/\",\"https:\/\/www.instagram.com\/in_stagram4525\/\"]}]}<\/script>\n<!-- \/ Yoast SEO plugin. -->","yoast_head_json":{"title":"Fiberglass tape 12ft x 2 inch - ART B\u00c9TON","robots":{"index":"index","follow":"follow","max-snippet":"max-snippet:-1","max-image-preview":"max-image-preview:large","max-video-preview":"max-video-preview:-1"},"canonical":"https:\/\/artbeton.ca\/en\/product\/paper-grid-fiberglass-for-joint-12-feet-x-2\/","og_locale":"en_US","og_type":"article","og_title":"Fiberglass tape 12ft x 2 inch - ART B\u00c9TON","og_description":"Fiberglass grid paper to be applied to all joints prior to blue primer in Step 1. It stabilizes the surface and reduces the risk of cracks. Glue and nail the two parts together, fill the joint with crack filler, apply the squared paper and apply the blue primer on top.","og_url":"https:\/\/artbeton.ca\/en\/product\/paper-grid-fiberglass-for-joint-12-feet-x-2\/","og_site_name":"ART B\u00c9TON","article_publisher":"https:\/\/www.facebook.com\/Art-Bton-2064358856947702\/","article_modified_time":"2024-11-06T02:35:12+00:00","og_image":[{"width":525,"height":700,"url":"https:\/\/artbeton.ca\/wp-content\/uploads\/2022\/08\/Bt1Eq6go_papier-quadrille-d8f308aa-83fe-4fe3-aa22-debd5be9bacf.webp","type":"image\/webp"}],"twitter_card":"summary_large_image","schema":{"@context":"https:\/\/schema.org","@graph":[{"@type":"WebPage","@id":"https:\/\/artbeton.ca\/en\/product\/paper-grid-fiberglass-for-joint-12-feet-x-2\/","url":"https:\/\/artbeton.ca\/en\/product\/paper-grid-fiberglass-for-joint-12-feet-x-2\/","name":"Fiberglass tape 12ft x 2 inch - ART B\u00c9TON","isPartOf":{"@id":"https:\/\/artbeton.ca\/#website"},"primaryImageOfPage":{"@id":"https:\/\/artbeton.ca\/en\/product\/paper-grid-fiberglass-for-joint-12-feet-x-2\/#primaryimage"},"image":{"@id":"https:\/\/artbeton.ca\/en\/product\/paper-grid-fiberglass-for-joint-12-feet-x-2\/#primaryimage"},"thumbnailUrl":"https:\/\/artbeton.ca\/wp-content\/uploads\/2022\/08\/Bt1Eq6go_papier-quadrille-d8f308aa-83fe-4fe3-aa22-debd5be9bacf.webp","datePublished":"2022-08-02T21:27:19+00:00","dateModified":"2024-11-06T02:35:12+00:00","breadcrumb":{"@id":"https:\/\/artbeton.ca\/en\/product\/paper-grid-fiberglass-for-joint-12-feet-x-2\/#breadcrumb"},"inLanguage":"en-US","potentialAction":[{"@type":"ReadAction","target":["https:\/\/artbeton.ca\/en\/product\/paper-grid-fiberglass-for-joint-12-feet-x-2\/"]}]},{"@type":"ImageObject","inLanguage":"en-US","@id":"https:\/\/artbeton.ca\/en\/product\/paper-grid-fiberglass-for-joint-12-feet-x-2\/#primaryimage","url":"https:\/\/artbeton.ca\/wp-content\/uploads\/2022\/08\/Bt1Eq6go_papier-quadrille-d8f308aa-83fe-4fe3-aa22-debd5be9bacf.webp","contentUrl":"https:\/\/artbeton.ca\/wp-content\/uploads\/2022\/08\/Bt1Eq6go_papier-quadrille-d8f308aa-83fe-4fe3-aa22-debd5be9bacf.webp","width":525,"height":700},{"@type":"BreadcrumbList","@id":"https:\/\/artbeton.ca\/en\/product\/paper-grid-fiberglass-for-joint-12-feet-x-2\/#breadcrumb","itemListElement":[{"@type":"ListItem","position":1,"name":"Accueil","item":"https:\/\/artbeton.ca\/en\/home\/"},{"@type":"ListItem","position":2,"name":"Shop","item":"https:\/\/artbeton.ca\/en\/shop\/"},{"@type":"ListItem","position":3,"name":"Fiberglass tape 12ft x 2 inch"}]},{"@type":"WebSite","@id":"https:\/\/artbeton.ca\/#website","url":"https:\/\/artbeton.ca\/","name":"ART B\u00c9TON","description":"Enduit de b\u00e9ton v\u00e9ritable d\u00e9coratif","publisher":{"@id":"https:\/\/artbeton.ca\/#organization"},"potentialAction":[{"@type":"SearchAction","target":{"@type":"EntryPoint","urlTemplate":"https:\/\/artbeton.ca\/?s={search_term_string}"},"query-input":{"@type":"PropertyValueSpecification","valueRequired":true,"valueName":"search_term_string"}}],"inLanguage":"en-US"},{"@type":"Organization","@id":"https:\/\/artbeton.ca\/#organization","name":"ART B\u00c9TON","url":"https:\/\/artbeton.ca\/","logo":{"@type":"ImageObject","inLanguage":"en-US","@id":"https:\/\/artbeton.ca\/#\/schema\/logo\/image\/","url":"https:\/\/artbeton.ca\/wp-content\/uploads\/2023\/11\/BC-ArtBeton_Logo_web_EN-2.png","contentUrl":"https:\/\/artbeton.ca\/wp-content\/uploads\/2023\/11\/BC-ArtBeton_Logo_web_EN-2.png","width":1757,"height":369,"caption":"ART B\u00c9TON"},"image":{"@id":"https:\/\/artbeton.ca\/#\/schema\/logo\/image\/"},"sameAs":["https:\/\/www.facebook.com\/Art-Bton-2064358856947702\/","https:\/\/www.instagram.com\/in_stagram4525\/"]}]}},"_links":{"self":[{"href":"https:\/\/artbeton.ca\/en\/wp-json\/wp\/v2\/product\/681","targetHints":{"allow":["GET"]}}],"collection":[{"href":"https:\/\/artbeton.ca\/en\/wp-json\/wp\/v2\/product"}],"about":[{"href":"https:\/\/artbeton.ca\/en\/wp-json\/wp\/v2\/types\/product"}],"replies":[{"embeddable":true,"href":"https:\/\/artbeton.ca\/en\/wp-json\/wp\/v2\/comments?post=681"}],"wp:featuredmedia":[{"embeddable":true,"href":"https:\/\/artbeton.ca\/en\/wp-json\/wp\/v2\/media\/613"}],"wp:attachment":[{"href":"https:\/\/artbeton.ca\/en\/wp-json\/wp\/v2\/media?parent=681"}],"wp:term":[{"taxonomy":"product_brand","embeddable":true,"href":"https:\/\/artbeton.ca\/en\/wp-json\/wp\/v2\/product_brand?post=681"},{"taxonomy":"product_cat","embeddable":true,"href":"https:\/\/artbeton.ca\/en\/wp-json\/wp\/v2\/product_cat?post=681"},{"taxonomy":"product_tag","embeddable":true,"href":"https:\/\/artbeton.ca\/en\/wp-json\/wp\/v2\/product_tag?post=681"}],"curies":[{"name":"wp","href":"https:\/\/api.w.org\/{rel}","templated":true}]}}