{"id":657,"date":"2022-08-03T00:27:52","date_gmt":"2022-08-02T22:27:52","guid":{"rendered":"http:\/\/artbeton.ca\/warranty-and-returns\/"},"modified":"2022-08-20T21:37:36","modified_gmt":"2022-08-20T19:37:36","slug":"warranty-and-returns","status":"publish","type":"page","link":"https:\/\/artbeton.ca\/en\/warranty-and-returns\/","title":{"rendered":"Warranty and Returns"},"content":{"rendered":"\t\t<div data-elementor-type=\"wp-page\" data-elementor-id=\"657\" class=\"elementor elementor-657 elementor-464\" data-elementor-post-type=\"page\">\n\t\t\t\t\t\t<section class=\"elementor-section elementor-top-section elementor-element elementor-element-6ad39371 elementor-section-height-min-height elementor-section-boxed elementor-section-height-default elementor-section-items-middle exad-glass-effect-no exad-sticky-section-no\" data-id=\"6ad39371\" data-element_type=\"section\" data-e-type=\"section\" data-settings=\"{&quot;background_background&quot;:&quot;classic&quot;}\">\n\t\t\t\t\t\t\t<div class=\"elementor-background-overlay\"><\/div>\n\t\t\t\t\t\t\t<div class=\"elementor-container elementor-column-gap-default\">\n\t\t\t\t\t<div class=\"elementor-column elementor-col-100 elementor-top-column elementor-element elementor-element-71cabb56 exad-glass-effect-no exad-sticky-section-no\" data-id=\"71cabb56\" data-element_type=\"column\" data-e-type=\"column\">\n\t\t\t<div class=\"elementor-widget-wrap elementor-element-populated\">\n\t\t\t\t\t\t<div class=\"elementor-element elementor-element-7ceb0e46 exad-sticky-section-no exad-glass-effect-no elementor-widget elementor-widget-heading\" data-id=\"7ceb0e46\" data-element_type=\"widget\" data-e-type=\"widget\" data-widget_type=\"heading.default\">\n\t\t\t\t<div class=\"elementor-widget-container\">\n\t\t\t\t\t<h1 class=\"elementor-heading-title elementor-size-default\">Art B\u00e9ton\n<\/h1>\t\t\t\t<\/div>\n\t\t\t\t<\/div>\n\t\t\t\t\t<\/div>\n\t\t<\/div>\n\t\t\t\t\t<\/div>\n\t\t<\/section>\n\t\t\t\t<section class=\"elementor-section elementor-top-section elementor-element elementor-element-fa244ea elementor-section-boxed elementor-section-height-default elementor-section-height-default exad-glass-effect-no exad-sticky-section-no\" data-id=\"fa244ea\" data-element_type=\"section\" data-e-type=\"section\">\n\t\t\t\t\t\t<div class=\"elementor-container elementor-column-gap-default\">\n\t\t\t\t\t<div class=\"elementor-column elementor-col-100 elementor-top-column elementor-element elementor-element-d2d461e exad-glass-effect-no exad-sticky-section-no\" data-id=\"d2d461e\" data-element_type=\"column\" data-e-type=\"column\">\n\t\t\t<div class=\"elementor-widget-wrap elementor-element-populated\">\n\t\t\t\t\t\t<div class=\"elementor-element elementor-element-efc1a5d exad-sticky-section-no exad-glass-effect-no elementor-widget elementor-widget-text-editor\" data-id=\"efc1a5d\" data-element_type=\"widget\" data-e-type=\"widget\" data-widget_type=\"text-editor.default\">\n\t\t\t\t<div class=\"elementor-widget-container\">\n\t\t\t\t\t\t\t\t\t<div class=\"row\"><div class=\"col-lg-7 col-md-6 col-sm-8 col-xs-12 center-col margin-eight-bottom sm-margin-40px-bottom xs-margin-30px-bottom text-center\"><h5 class=\"alt-font text-extra-dark-gray font-weight-600\"><strong>Warranty and Returns<\/strong><\/h5><div class=\"separator-line-horrizontal-medium-light3 bg-extra-medium-gray width-100px center-col\"> <\/div><\/div><\/div><div class=\"row\"><div class=\"col-md-6 col-sm-12 aos-init aos-animate\" data-aos=\"fade-up\"><strong><span class=\"alt-font text-extra-dark-gray text-large\">Returns or exchanges<\/span><\/strong><p>Returns or exchanges are possible within 14 days of your purchase. The products must have been stored under normal conditions, i.e. between 10 and 25 degrees Celsius. 15% of the sale amount plus transport costs are at your expense. The amount will be credited from the payment method used during your purchase upon receipt of the goods.<\/p><div class=\"separator-line-horrizontal-medium-light3 bg-extra-medium-gray width-50px xs-center-col\"><hr><\/div><\/div><div class=\"col-md-6 col-sm-12 aos-init aos-animate\" data-aos=\"fade-up\" data-aos-delay=\"100\"><strong><span class=\"alt-font text-extra-dark-gray text-large\">Warranties<\/span><\/strong><p>Limited warranty: Replacement of products in the event of defective products. The application is not guaranteed nor the installation time. The instructions for all steps written on the labels must be followed at all times.<\/p><p>Les Enduits Art B\u00e9ton offers a limited warranty for its Art B\u00e9ton decorative concrete system. Replacement of products in the event of defective products. Neither application nor installation time is guaranteed.<\/p><p>Art B\u00e9ton decorative concrete (microtopping) offers optimal performance if applied to a stable, smooth, non-creaking surface with adequate hardness. The thickness of 1 mm allows optimal durability. The Art B\u00e9ton surface must be protected from blows, sharp objects, repetitive friction, knife blades, heat such as a hot cauldron, or any other situation that could damage the Art B\u00e9ton system.<\/p><p>Les Enduits Art B\u00e9ton is in no way responsible for the bases on which the products are applied. An unstable base, which cracks, lacks hardness, disintegrates or presents any other problem will alter the final result of Art B\u00e9ton products in the short or long term.<\/p><p>Any problems appearing on Art B\u00e9ton surfaces, breakage, cracks, stains or other must be immediately reported to Art B\u00e9ton Coatings or to the installer so that a solution can be proposed as appropriate (at the customer&#8217;s expense in the event of a problem). application, application on an inadequate basis or non-compliance with the application instructions provided by Art B\u00e9ton). In the event of deterioration of the surface due to negligence, Les Enduits Art B\u00e9ton is in no way responsible.<\/p><p>No warranty is offered for commercial installations<\/p><p>1 year limited warranty<\/p><\/div><\/div>\t\t\t\t\t\t\t\t<\/div>\n\t\t\t\t<\/div>\n\t\t\t\t\t<\/div>\n\t\t<\/div>\n\t\t\t\t\t<\/div>\n\t\t<\/section>\n\t\t\t\t<\/div>\n\t\t","protected":false},"excerpt":{"rendered":"<p>Art B\u00e9ton Warranty and Returns Returns or exchanges Returns or exchanges are possible within 14 days of your purchase. The [&hellip;]<\/p>\n","protected":false},"author":1,"featured_media":2134,"parent":0,"menu_order":0,"comment_status":"closed","ping_status":"closed","template":"","meta":{"site-sidebar-layout":"no-sidebar","site-content-layout":"page-builder","ast-site-content-layout":"default","site-content-style":"default","site-sidebar-style":"default","ast-global-header-display":"","ast-banner-title-visibility":"","ast-main-header-display":"","ast-hfb-above-header-display":"","ast-hfb-below-header-display":"","ast-hfb-mobile-header-display":"","site-post-title":"disabled","ast-breadcrumbs-content":"","ast-featured-img":"disabled","footer-sml-layout":"","ast-disable-related-posts":"","theme-transparent-header-meta":"default","adv-header-id-meta":"","stick-header-meta":"default","header-above-stick-meta":"","header-main-stick-meta":"","header-below-stick-meta":"","astra-migrate-meta-layouts":"default","ast-page-background-enabled":"default","ast-page-background-meta":{"desktop":{"background-color":"var(--ast-global-color-4)","background-image":"","background-repeat":"repeat","background-position":"center center","background-size":"auto","background-attachment":"scroll","background-type":"","background-media":"","overlay-type":"","overlay-color":"","overlay-opacity":"","overlay-gradient":""},"tablet":{"background-color":"","background-image":"","background-repeat":"repeat","background-position":"center center","background-size":"auto","background-attachment":"scroll","background-type":"","background-media":"","overlay-type":"","overlay-color":"","overlay-opacity":"","overlay-gradient":""},"mobile":{"background-color":"","background-image":"","background-repeat":"repeat","background-position":"center center","background-size":"auto","background-attachment":"scroll","background-type":"","background-media":"","overlay-type":"","overlay-color":"","overlay-opacity":"","overlay-gradient":""}},"ast-content-background-meta":{"desktop":{"background-color":"var(--ast-global-color-5)","background-image":"","background-repeat":"repeat","background-position":"center center","background-size":"auto","background-attachment":"scroll","background-type":"","background-media":"","overlay-type":"","overlay-color":"","overlay-opacity":"","overlay-gradient":""},"tablet":{"background-color":"var(--ast-global-color-5)","background-image":"","background-repeat":"repeat","background-position":"center center","background-size":"auto","background-attachment":"scroll","background-type":"","background-media":"","overlay-type":"","overlay-color":"","overlay-opacity":"","overlay-gradient":""},"mobile":{"background-color":"var(--ast-global-color-5)","background-image":"","background-repeat":"repeat","background-position":"center center","background-size":"auto","background-attachment":"scroll","background-type":"","background-media":"","overlay-type":"","overlay-color":"","overlay-opacity":"","overlay-gradient":""}},"footnotes":""},"class_list":["post-657","page","type-page","status-publish","has-post-thumbnail","hentry"],"yoast_head":"<!-- This site is optimized with the Yoast SEO plugin v27.4 - https:\/\/yoast.com\/product\/yoast-seo-wordpress\/ -->\n<title>Warranty and Returns - ART B\u00c9TON<\/title>\n<meta name=\"robots\" content=\"index, follow, max-snippet:-1, max-image-preview:large, max-video-preview:-1\" \/>\n<link rel=\"canonical\" href=\"https:\/\/artbeton.ca\/en\/warranty-and-returns\/\" \/>\n<meta property=\"og:locale\" content=\"en_US\" \/>\n<meta property=\"og:type\" content=\"article\" \/>\n<meta property=\"og:title\" content=\"Warranty and Returns - ART B\u00c9TON\" \/>\n<meta property=\"og:description\" content=\"Art B\u00e9ton Warranty and Returns Returns or exchanges Returns or exchanges are possible within 14 days of your purchase. The [&hellip;]\" \/>\n<meta property=\"og:url\" content=\"https:\/\/artbeton.ca\/en\/warranty-and-returns\/\" \/>\n<meta property=\"og:site_name\" content=\"ART B\u00c9TON\" \/>\n<meta property=\"article:publisher\" content=\"https:\/\/www.facebook.com\/Art-Bton-2064358856947702\/\" \/>\n<meta property=\"article:modified_time\" content=\"2022-08-20T19:37:36+00:00\" \/>\n<meta name=\"twitter:card\" content=\"summary_large_image\" \/>\n<meta name=\"twitter:label1\" content=\"Est. reading time\" \/>\n\t<meta name=\"twitter:data1\" content=\"2 minutes\" \/>\n<script type=\"application\/ld+json\" class=\"yoast-schema-graph\">{\"@context\":\"https:\\\/\\\/schema.org\",\"@graph\":[{\"@type\":\"WebPage\",\"@id\":\"https:\\\/\\\/artbeton.ca\\\/en\\\/warranty-and-returns\\\/\",\"url\":\"https:\\\/\\\/artbeton.ca\\\/en\\\/warranty-and-returns\\\/\",\"name\":\"Warranty and Returns - ART B\u00c9TON\",\"isPartOf\":{\"@id\":\"https:\\\/\\\/artbeton.ca\\\/#website\"},\"primaryImageOfPage\":{\"@id\":\"https:\\\/\\\/artbeton.ca\\\/en\\\/warranty-and-returns\\\/#primaryimage\"},\"image\":{\"@id\":\"https:\\\/\\\/artbeton.ca\\\/en\\\/warranty-and-returns\\\/#primaryimage\"},\"thumbnailUrl\":\"https:\\\/\\\/artbeton.ca\\\/wp-content\\\/uploads\\\/2023\\\/03\\\/6-1.jpg\",\"datePublished\":\"2022-08-02T22:27:52+00:00\",\"dateModified\":\"2022-08-20T19:37:36+00:00\",\"breadcrumb\":{\"@id\":\"https:\\\/\\\/artbeton.ca\\\/en\\\/warranty-and-returns\\\/#breadcrumb\"},\"inLanguage\":\"en-US\",\"potentialAction\":[{\"@type\":\"ReadAction\",\"target\":[\"https:\\\/\\\/artbeton.ca\\\/en\\\/warranty-and-returns\\\/\"]}]},{\"@type\":\"ImageObject\",\"inLanguage\":\"en-US\",\"@id\":\"https:\\\/\\\/artbeton.ca\\\/en\\\/warranty-and-returns\\\/#primaryimage\",\"url\":\"https:\\\/\\\/artbeton.ca\\\/wp-content\\\/uploads\\\/2023\\\/03\\\/6-1.jpg\",\"contentUrl\":\"https:\\\/\\\/artbeton.ca\\\/wp-content\\\/uploads\\\/2023\\\/03\\\/6-1.jpg\",\"width\":1024,\"height\":683,\"caption\":\"La diff\u00e9rence entre le b\u00e9ton et un rev\u00eatement en b\u00e9ton\"},{\"@type\":\"BreadcrumbList\",\"@id\":\"https:\\\/\\\/artbeton.ca\\\/en\\\/warranty-and-returns\\\/#breadcrumb\",\"itemListElement\":[{\"@type\":\"ListItem\",\"position\":1,\"name\":\"Accueil\",\"item\":\"https:\\\/\\\/artbeton.ca\\\/en\\\/home\\\/\"},{\"@type\":\"ListItem\",\"position\":2,\"name\":\"Warranty and Returns\"}]},{\"@type\":\"WebSite\",\"@id\":\"https:\\\/\\\/artbeton.ca\\\/#website\",\"url\":\"https:\\\/\\\/artbeton.ca\\\/\",\"name\":\"ART B\u00c9TON\",\"description\":\"Enduit de b\u00e9ton v\u00e9ritable d\u00e9coratif\",\"publisher\":{\"@id\":\"https:\\\/\\\/artbeton.ca\\\/#organization\"},\"potentialAction\":[{\"@type\":\"SearchAction\",\"target\":{\"@type\":\"EntryPoint\",\"urlTemplate\":\"https:\\\/\\\/artbeton.ca\\\/?s={search_term_string}\"},\"query-input\":{\"@type\":\"PropertyValueSpecification\",\"valueRequired\":true,\"valueName\":\"search_term_string\"}}],\"inLanguage\":\"en-US\"},{\"@type\":\"Organization\",\"@id\":\"https:\\\/\\\/artbeton.ca\\\/#organization\",\"name\":\"ART B\u00c9TON\",\"url\":\"https:\\\/\\\/artbeton.ca\\\/\",\"logo\":{\"@type\":\"ImageObject\",\"inLanguage\":\"en-US\",\"@id\":\"https:\\\/\\\/artbeton.ca\\\/#\\\/schema\\\/logo\\\/image\\\/\",\"url\":\"https:\\\/\\\/artbeton.ca\\\/wp-content\\\/uploads\\\/2023\\\/11\\\/BC-ArtBeton_Logo_web_EN-2.png\",\"contentUrl\":\"https:\\\/\\\/artbeton.ca\\\/wp-content\\\/uploads\\\/2023\\\/11\\\/BC-ArtBeton_Logo_web_EN-2.png\",\"width\":1757,\"height\":369,\"caption\":\"ART B\u00c9TON\"},\"image\":{\"@id\":\"https:\\\/\\\/artbeton.ca\\\/#\\\/schema\\\/logo\\\/image\\\/\"},\"sameAs\":[\"https:\\\/\\\/www.facebook.com\\\/Art-Bton-2064358856947702\\\/\",\"https:\\\/\\\/www.instagram.com\\\/in_stagram4525\\\/\"]}]}<\/script>\n<!-- \/ Yoast SEO plugin. -->","yoast_head_json":{"title":"Warranty and Returns - ART B\u00c9TON","robots":{"index":"index","follow":"follow","max-snippet":"max-snippet:-1","max-image-preview":"max-image-preview:large","max-video-preview":"max-video-preview:-1"},"canonical":"https:\/\/artbeton.ca\/en\/warranty-and-returns\/","og_locale":"en_US","og_type":"article","og_title":"Warranty and Returns - ART B\u00c9TON","og_description":"Art B\u00e9ton Warranty and Returns Returns or exchanges Returns or exchanges are possible within 14 days of your purchase. The [&hellip;]","og_url":"https:\/\/artbeton.ca\/en\/warranty-and-returns\/","og_site_name":"ART B\u00c9TON","article_publisher":"https:\/\/www.facebook.com\/Art-Bton-2064358856947702\/","article_modified_time":"2022-08-20T19:37:36+00:00","twitter_card":"summary_large_image","twitter_misc":{"Est. reading time":"2 minutes"},"schema":{"@context":"https:\/\/schema.org","@graph":[{"@type":"WebPage","@id":"https:\/\/artbeton.ca\/en\/warranty-and-returns\/","url":"https:\/\/artbeton.ca\/en\/warranty-and-returns\/","name":"Warranty and Returns - ART B\u00c9TON","isPartOf":{"@id":"https:\/\/artbeton.ca\/#website"},"primaryImageOfPage":{"@id":"https:\/\/artbeton.ca\/en\/warranty-and-returns\/#primaryimage"},"image":{"@id":"https:\/\/artbeton.ca\/en\/warranty-and-returns\/#primaryimage"},"thumbnailUrl":"https:\/\/artbeton.ca\/wp-content\/uploads\/2023\/03\/6-1.jpg","datePublished":"2022-08-02T22:27:52+00:00","dateModified":"2022-08-20T19:37:36+00:00","breadcrumb":{"@id":"https:\/\/artbeton.ca\/en\/warranty-and-returns\/#breadcrumb"},"inLanguage":"en-US","potentialAction":[{"@type":"ReadAction","target":["https:\/\/artbeton.ca\/en\/warranty-and-returns\/"]}]},{"@type":"ImageObject","inLanguage":"en-US","@id":"https:\/\/artbeton.ca\/en\/warranty-and-returns\/#primaryimage","url":"https:\/\/artbeton.ca\/wp-content\/uploads\/2023\/03\/6-1.jpg","contentUrl":"https:\/\/artbeton.ca\/wp-content\/uploads\/2023\/03\/6-1.jpg","width":1024,"height":683,"caption":"La diff\u00e9rence entre le b\u00e9ton et un rev\u00eatement en b\u00e9ton"},{"@type":"BreadcrumbList","@id":"https:\/\/artbeton.ca\/en\/warranty-and-returns\/#breadcrumb","itemListElement":[{"@type":"ListItem","position":1,"name":"Accueil","item":"https:\/\/artbeton.ca\/en\/home\/"},{"@type":"ListItem","position":2,"name":"Warranty and Returns"}]},{"@type":"WebSite","@id":"https:\/\/artbeton.ca\/#website","url":"https:\/\/artbeton.ca\/","name":"ART B\u00c9TON","description":"Enduit de b\u00e9ton v\u00e9ritable d\u00e9coratif","publisher":{"@id":"https:\/\/artbeton.ca\/#organization"},"potentialAction":[{"@type":"SearchAction","target":{"@type":"EntryPoint","urlTemplate":"https:\/\/artbeton.ca\/?s={search_term_string}"},"query-input":{"@type":"PropertyValueSpecification","valueRequired":true,"valueName":"search_term_string"}}],"inLanguage":"en-US"},{"@type":"Organization","@id":"https:\/\/artbeton.ca\/#organization","name":"ART B\u00c9TON","url":"https:\/\/artbeton.ca\/","logo":{"@type":"ImageObject","inLanguage":"en-US","@id":"https:\/\/artbeton.ca\/#\/schema\/logo\/image\/","url":"https:\/\/artbeton.ca\/wp-content\/uploads\/2023\/11\/BC-ArtBeton_Logo_web_EN-2.png","contentUrl":"https:\/\/artbeton.ca\/wp-content\/uploads\/2023\/11\/BC-ArtBeton_Logo_web_EN-2.png","width":1757,"height":369,"caption":"ART B\u00c9TON"},"image":{"@id":"https:\/\/artbeton.ca\/#\/schema\/logo\/image\/"},"sameAs":["https:\/\/www.facebook.com\/Art-Bton-2064358856947702\/","https:\/\/www.instagram.com\/in_stagram4525\/"]}]}},"_links":{"self":[{"href":"https:\/\/artbeton.ca\/en\/wp-json\/wp\/v2\/pages\/657","targetHints":{"allow":["GET"]}}],"collection":[{"href":"https:\/\/artbeton.ca\/en\/wp-json\/wp\/v2\/pages"}],"about":[{"href":"https:\/\/artbeton.ca\/en\/wp-json\/wp\/v2\/types\/page"}],"author":[{"embeddable":true,"href":"https:\/\/artbeton.ca\/en\/wp-json\/wp\/v2\/users\/1"}],"replies":[{"embeddable":true,"href":"https:\/\/artbeton.ca\/en\/wp-json\/wp\/v2\/comments?post=657"}],"version-history":[{"count":0,"href":"https:\/\/artbeton.ca\/en\/wp-json\/wp\/v2\/pages\/657\/revisions"}],"wp:featuredmedia":[{"embeddable":true,"href":"https:\/\/artbeton.ca\/en\/wp-json\/wp\/v2\/media\/2134"}],"wp:attachment":[{"href":"https:\/\/artbeton.ca\/en\/wp-json\/wp\/v2\/media?parent=657"}],"curies":[{"name":"wp","href":"https:\/\/api.w.org\/{rel}","templated":true}]}}