{"id":651,"date":"2022-08-03T00:07:11","date_gmt":"2022-08-02T22:07:11","guid":{"rendered":"http:\/\/artbeton.ca\/instructions-at-a-glance\/"},"modified":"2022-08-20T21:11:38","modified_gmt":"2022-08-20T19:11:38","slug":"instructions-at-a-glance","status":"publish","type":"page","link":"https:\/\/artbeton.ca\/en\/instructions-at-a-glance\/","title":{"rendered":"Instructions at a glance"},"content":{"rendered":"\t\t<div data-elementor-type=\"wp-page\" data-elementor-id=\"651\" class=\"elementor elementor-651 elementor-443\" data-elementor-post-type=\"page\">\n\t\t\t\t\t\t<section class=\"elementor-section elementor-top-section elementor-element elementor-element-1c3d913c elementor-section-height-min-height elementor-section-boxed elementor-section-height-default elementor-section-items-middle exad-glass-effect-no exad-sticky-section-no\" data-id=\"1c3d913c\" data-element_type=\"section\" data-e-type=\"section\" data-settings=\"{&quot;background_background&quot;:&quot;classic&quot;}\">\n\t\t\t\t\t\t\t<div class=\"elementor-background-overlay\"><\/div>\n\t\t\t\t\t\t\t<div class=\"elementor-container elementor-column-gap-default\">\n\t\t\t\t\t<div class=\"elementor-column elementor-col-100 elementor-top-column elementor-element elementor-element-2a3e1fc9 exad-glass-effect-no exad-sticky-section-no\" data-id=\"2a3e1fc9\" data-element_type=\"column\" data-e-type=\"column\">\n\t\t\t<div class=\"elementor-widget-wrap elementor-element-populated\">\n\t\t\t\t\t\t<div class=\"elementor-element elementor-element-4a57a7fd exad-sticky-section-no exad-glass-effect-no elementor-widget elementor-widget-heading\" data-id=\"4a57a7fd\" data-element_type=\"widget\" data-e-type=\"widget\" data-widget_type=\"heading.default\">\n\t\t\t\t<div class=\"elementor-widget-container\">\n\t\t\t\t\t<p class=\"elementor-heading-title elementor-size-default\">Short Installation Guide\n<\/p>\t\t\t\t<\/div>\n\t\t\t\t<\/div>\n\t\t\t\t<div class=\"elementor-element elementor-element-6c97019 exad-sticky-section-no exad-glass-effect-no elementor-widget elementor-widget-heading\" data-id=\"6c97019\" data-element_type=\"widget\" data-e-type=\"widget\" data-widget_type=\"heading.default\">\n\t\t\t\t<div class=\"elementor-widget-container\">\n\t\t\t\t\t<h1 class=\"elementor-heading-title elementor-size-default\">Instructions at a glance<\/h1>\t\t\t\t<\/div>\n\t\t\t\t<\/div>\n\t\t\t\t\t<\/div>\n\t\t<\/div>\n\t\t\t\t\t<\/div>\n\t\t<\/section>\n\t\t\t\t<section class=\"elementor-section elementor-top-section elementor-element elementor-element-099e368 elementor-section-boxed elementor-section-height-default elementor-section-height-default exad-glass-effect-no exad-sticky-section-no\" data-id=\"099e368\" data-element_type=\"section\" data-e-type=\"section\" data-settings=\"{&quot;background_background&quot;:&quot;classic&quot;}\">\n\t\t\t\t\t\t<div class=\"elementor-container elementor-column-gap-default\">\n\t\t\t\t\t<div class=\"elementor-column elementor-col-100 elementor-top-column elementor-element elementor-element-0106af5 exad-glass-effect-no exad-sticky-section-no\" data-id=\"0106af5\" data-element_type=\"column\" data-e-type=\"column\">\n\t\t\t<div class=\"elementor-widget-wrap elementor-element-populated\">\n\t\t\t\t\t\t<div class=\"elementor-element elementor-element-f3a617b exad-sticky-section-no exad-glass-effect-no elementor-widget elementor-widget-text-editor\" data-id=\"f3a617b\" data-element_type=\"widget\" data-e-type=\"widget\" data-widget_type=\"text-editor.default\">\n\t\t\t\t<div class=\"elementor-widget-container\">\n\t\t\t\t\t\t\t\t\t<h4 class=\"text-large text-center text-dark font-weight-500 text-uppercase\" style=\"text-align: center;\">A SUMMARY BEFORE STARTING YOUR PROJECT<\/h4><p class=\"text-medium margin-10px-bottom text-center center-col\" style=\"text-align: center;\">Apply Art B\u00e9ton Coatings on a clean, stable and smooth surface (mdf, FINISHING plywood, laminate countertop, gypsum with drawn joints, ceramic (leveler required), fiber cement, etc.)<\/p><p style=\"text-align: center;\">*** DO NOT APPLY OVER CONSTRUCTION PLYWOOD ***<\/p><p style=\"text-align: center;\">For the application of each of the steps, make sure to have an adequate temperature between 18 and 25 degrees Celsius and a humidity of less than 75%. These conditions allow neither too slow nor too rapid drying.<\/p>\t\t\t\t\t\t\t\t<\/div>\n\t\t\t\t<\/div>\n\t\t\t\t\t<\/div>\n\t\t<\/div>\n\t\t\t\t\t<\/div>\n\t\t<\/section>\n\t\t\t\t<section class=\"elementor-section elementor-top-section elementor-element elementor-element-5609d02 elementor-section-boxed elementor-section-height-default elementor-section-height-default exad-glass-effect-no exad-sticky-section-no\" data-id=\"5609d02\" data-element_type=\"section\" data-e-type=\"section\" data-settings=\"{&quot;background_background&quot;:&quot;classic&quot;}\">\n\t\t\t\t\t\t<div class=\"elementor-container elementor-column-gap-default\">\n\t\t\t\t\t<div class=\"elementor-column elementor-col-100 elementor-top-column elementor-element elementor-element-68aae72 exad-glass-effect-no exad-sticky-section-no\" data-id=\"68aae72\" data-element_type=\"column\" data-e-type=\"column\">\n\t\t\t<div class=\"elementor-widget-wrap elementor-element-populated\">\n\t\t\t\t\t\t<div class=\"elementor-element elementor-element-41d4218 exad-sticky-section-no exad-glass-effect-no elementor-widget elementor-widget-text-editor\" data-id=\"41d4218\" data-element_type=\"widget\" data-e-type=\"widget\" data-widget_type=\"text-editor.default\">\n\t\t\t\t<div class=\"elementor-widget-container\">\n\t\t\t\t\t\t\t\t\t<h4 class=\"title-extra-small text-center text-dark font-weight-400 text-uppercase margin-10px-bottom\" style=\"text-align: center;\">FOLLOW LABEL INSTRUCTIONS<\/h4>\t\t\t\t\t\t\t\t<\/div>\n\t\t\t\t<\/div>\n\t\t\t\t<section class=\"elementor-section elementor-inner-section elementor-element elementor-element-2c716de elementor-section-boxed elementor-section-height-default elementor-section-height-default exad-glass-effect-no exad-sticky-section-no\" data-id=\"2c716de\" data-element_type=\"section\" data-e-type=\"section\">\n\t\t\t\t\t\t<div class=\"elementor-container elementor-column-gap-default\">\n\t\t\t\t\t<div class=\"elementor-column elementor-col-50 elementor-inner-column elementor-element elementor-element-44f2c34 exad-glass-effect-no exad-sticky-section-no\" data-id=\"44f2c34\" data-element_type=\"column\" data-e-type=\"column\">\n\t\t\t<div class=\"elementor-widget-wrap elementor-element-populated\">\n\t\t\t\t\t\t<div class=\"elementor-element elementor-element-8a189fd exad-sticky-section-no exad-glass-effect-no elementor-widget elementor-widget-text-editor\" data-id=\"8a189fd\" data-element_type=\"widget\" data-e-type=\"widget\" data-widget_type=\"text-editor.default\">\n\t\t\t\t<div class=\"elementor-widget-container\">\n\t\t\t\t\t\t\t\t\t<h5 class=\"alt-font xs-text-center\">Step 1 &#8211; Apply Primer to Entire Surface<\/h5><p class=\"text-medium\">1 coat required on a clean surface, apply with a small foam roller or brush, allow to dry until clear, approximately 45 minutes *Two coats are required if the primer is absorbed quickly when applied to a very porous surface.<\/p><h5 class=\"alt-font xs-text-center\">Step 2 &#8211; Concrete Coating<\/h5><h6 class=\"text-large font-weight-200 text-black text-uppercase margin-15px-bottom alt-font\">(2 LAYERS)<\/h6><p class=\"text-medium\">Mix the concrete with the water, use a mixer, scrape the edges well for a homogeneous texture. Apply 2 to 3 thin coats (less than 1mm) with a trowel, wait approximately 1 hour between each coat. Apply in less than 5 hours following the mixture, always cover the boiler. Sand the next day with a rotary sander, start at 120, then 180, 350 for a very smooth finish.<\/p><h5 class=\"alt-font xs-text-center\">Step 3 &#8211; The Sealant<\/h5><h6 class=\"text-large font-weight-200 text-black text-uppercase margin-15px-bottom alt-font\">(3 OPTIONS) 1 TO 2 LAYERS<\/h6><p class=\"text-medium\">&#8211; Wall sealer, dry 1h to 3h or more<br>&#8211; Countertop sealer, dry 1 to 3 hours or more<br>&#8211; Impregnating sealant, must dry 8 hours or more<br><br>Apply a coat with a foam or short-haired roller, without excess and without bubbles.<\/p><h5 class=\"alt-font xs-text-center\">Step 4 &#8211; Varnish or Urethane<\/h5><h6 class=\"text-large font-weight-200 text-black text-uppercase margin-15px-bottom alt-font\">(6 OPTIONS) 2 TO 4 LAYERS<\/h6><p class=\"text-medium\">&#8211; Matt wall varnish<br>&#8211; Satin wall varnish<br>&#8211; Matt countertop varnish<br>&#8211; Satin countertop varnish<br><br>2 to 4 coats are required, use a short pile roller, apply without excess and without bubbles. Wait about 1h to 3h between coats or more, sand by hand at 220 between coats<br><br>&#8211; Matte urethane<br>&#8211; Satin urethane<\/p>\t\t\t\t\t\t\t\t<\/div>\n\t\t\t\t<\/div>\n\t\t\t\t<div class=\"elementor-element elementor-element-e64831f elementor-align-center elementor-tablet-align-center exad-sticky-section-no exad-glass-effect-no elementor-widget elementor-widget-button\" data-id=\"e64831f\" data-element_type=\"widget\" data-e-type=\"widget\" data-widget_type=\"button.default\">\n\t\t\t\t<div class=\"elementor-widget-container\">\n\t\t\t\t\t\t\t\t\t<div class=\"elementor-button-wrapper\">\n\t\t\t\t\t<a class=\"elementor-button elementor-button-link elementor-size-sm\" href=\"\/product\/urethanes-art-beton\/\">\n\t\t\t\t\t\t<span class=\"elementor-button-content-wrapper\">\n\t\t\t\t\t\t\t\t\t<span class=\"elementor-button-text\">see procedure for applying urethane<\/span>\n\t\t\t\t\t<\/span>\n\t\t\t\t\t<\/a>\n\t\t\t\t<\/div>\n\t\t\t\t\t\t\t\t<\/div>\n\t\t\t\t<\/div>\n\t\t\t\t<div class=\"elementor-element elementor-element-e0d8f35 exad-sticky-section-no exad-glass-effect-no elementor-widget elementor-widget-text-editor\" data-id=\"e0d8f35\" data-element_type=\"widget\" data-e-type=\"widget\" data-widget_type=\"text-editor.default\">\n\t\t\t\t<div class=\"elementor-widget-container\">\n\t\t\t\t\t\t\t\t\t<h5 class=\"alt-font xs-text-center\">Pre-Step 1 &#8211; Preparation Products<\/h5><h6 class=\"text-large font-weight-200 text-black text-uppercase margin-15px-bottom alt-font\">(OPTIONAL, IF NECESSARY) *ALWAYS START WITH PRIMER<\/h6><p class=\"text-medium\"><strong>&#8211; Ceramic leveler:<\/strong> 1 to 2 coats with a trowel, dry for 24 hours then follow steps 1 to 4<br><br><strong>&#8211; Liquid membrane:<\/strong> 2 layers with a foam roller, 1 hour or more between layers, sealing strips in the corners, dry for 24 hours then follow steps 1 to 4<\/p>\t\t\t\t\t\t\t\t<\/div>\n\t\t\t\t<\/div>\n\t\t\t\t\t<\/div>\n\t\t<\/div>\n\t\t\t\t<div class=\"elementor-column elementor-col-50 elementor-inner-column elementor-element elementor-element-5b23e66 exad-glass-effect-no exad-sticky-section-no\" data-id=\"5b23e66\" data-element_type=\"column\" data-e-type=\"column\">\n\t\t\t<div class=\"elementor-widget-wrap elementor-element-populated\">\n\t\t\t\t\t\t<div class=\"elementor-element elementor-element-b397082 exad-sticky-section-no exad-glass-effect-no elementor-widget elementor-widget-text-editor\" data-id=\"b397082\" data-element_type=\"widget\" data-e-type=\"widget\" data-widget_type=\"text-editor.default\">\n\t\t\t\t<div class=\"elementor-widget-container\">\n\t\t\t\t\t\t\t\t\t<h6 class=\"text-large font-weight-400 text-black text-uppercase margin-15px-bottom alt-font\">4 SIMPLE STEPS<\/h6>\t\t\t\t\t\t\t\t<\/div>\n\t\t\t\t<\/div>\n\t\t\t\t<div class=\"elementor-element elementor-element-febe962 exad-sticky-section-no exad-glass-effect-no elementor-widget elementor-widget-progress\" data-id=\"febe962\" data-element_type=\"widget\" data-e-type=\"widget\" data-widget_type=\"progress.default\">\n\t\t\t\t<div class=\"elementor-widget-container\">\n\t\t\t\t\t\t\t\t<span class=\"elementor-title\" id=\"elementor-progress-bar-febe962\">\n\t\t\t\tPREPARE\t\t\t<\/span>\n\t\t\n\t\t<div aria-labelledby=\"elementor-progress-bar-febe962\" class=\"elementor-progress-wrapper\" role=\"progressbar\" aria-valuemin=\"0\" aria-valuemax=\"100\" aria-valuenow=\"25\">\n\t\t\t<div class=\"elementor-progress-bar\" data-max=\"25\">\n\t\t\t\t<span class=\"elementor-progress-text\"><\/span>\n\t\t\t\t\t\t\t\t\t<span class=\"elementor-progress-percentage\">25%<\/span>\n\t\t\t\t\t\t\t<\/div>\n\t\t<\/div>\n\t\t\t\t\t\t<\/div>\n\t\t\t\t<\/div>\n\t\t\t\t<div class=\"elementor-element elementor-element-11eb0e2 exad-sticky-section-no exad-glass-effect-no elementor-widget elementor-widget-progress\" data-id=\"11eb0e2\" data-element_type=\"widget\" data-e-type=\"widget\" data-widget_type=\"progress.default\">\n\t\t\t\t<div class=\"elementor-widget-container\">\n\t\t\t\t\t\t\t\t<span class=\"elementor-title\" id=\"elementor-progress-bar-11eb0e2\">\n\t\t\t\tCOATING AND SANDING\t\t\t<\/span>\n\t\t\n\t\t<div aria-labelledby=\"elementor-progress-bar-11eb0e2\" class=\"elementor-progress-wrapper\" role=\"progressbar\" aria-valuemin=\"0\" aria-valuemax=\"100\" aria-valuenow=\"50\">\n\t\t\t<div class=\"elementor-progress-bar\" data-max=\"50\">\n\t\t\t\t<span class=\"elementor-progress-text\"><\/span>\n\t\t\t\t\t\t\t\t\t<span class=\"elementor-progress-percentage\">50%<\/span>\n\t\t\t\t\t\t\t<\/div>\n\t\t<\/div>\n\t\t\t\t\t\t<\/div>\n\t\t\t\t<\/div>\n\t\t\t\t<div class=\"elementor-element elementor-element-559e413 exad-sticky-section-no exad-glass-effect-no elementor-widget elementor-widget-progress\" data-id=\"559e413\" data-element_type=\"widget\" data-e-type=\"widget\" data-widget_type=\"progress.default\">\n\t\t\t\t<div class=\"elementor-widget-container\">\n\t\t\t\t\t\t\t\t<span class=\"elementor-title\" id=\"elementor-progress-bar-559e413\">\n\t\t\t\tSEAL\t\t\t<\/span>\n\t\t\n\t\t<div aria-labelledby=\"elementor-progress-bar-559e413\" class=\"elementor-progress-wrapper\" role=\"progressbar\" aria-valuemin=\"0\" aria-valuemax=\"100\" aria-valuenow=\"75\">\n\t\t\t<div class=\"elementor-progress-bar\" data-max=\"75\">\n\t\t\t\t<span class=\"elementor-progress-text\"><\/span>\n\t\t\t\t\t\t\t\t\t<span class=\"elementor-progress-percentage\">75%<\/span>\n\t\t\t\t\t\t\t<\/div>\n\t\t<\/div>\n\t\t\t\t\t\t<\/div>\n\t\t\t\t<\/div>\n\t\t\t\t<div class=\"elementor-element elementor-element-09fa4d1 exad-sticky-section-no exad-glass-effect-no elementor-widget elementor-widget-progress\" data-id=\"09fa4d1\" data-element_type=\"widget\" data-e-type=\"widget\" data-widget_type=\"progress.default\">\n\t\t\t\t<div class=\"elementor-widget-container\">\n\t\t\t\t\t\t\t\t<span class=\"elementor-title\" id=\"elementor-progress-bar-09fa4d1\">\n\t\t\t\tVARNISH\t\t\t<\/span>\n\t\t\n\t\t<div aria-labelledby=\"elementor-progress-bar-09fa4d1\" class=\"elementor-progress-wrapper\" role=\"progressbar\" aria-valuemin=\"0\" aria-valuemax=\"100\" aria-valuenow=\"100\">\n\t\t\t<div class=\"elementor-progress-bar\" data-max=\"100\">\n\t\t\t\t<span class=\"elementor-progress-text\"><\/span>\n\t\t\t\t\t\t\t\t\t<span class=\"elementor-progress-percentage\">100%<\/span>\n\t\t\t\t\t\t\t<\/div>\n\t\t<\/div>\n\t\t\t\t\t\t<\/div>\n\t\t\t\t<\/div>\n\t\t\t\t\t<\/div>\n\t\t<\/div>\n\t\t\t\t\t<\/div>\n\t\t<\/section>\n\t\t\t\t\t<\/div>\n\t\t<\/div>\n\t\t\t\t\t<\/div>\n\t\t<\/section>\n\t\t\t\t<\/div>\n\t\t","protected":false},"excerpt":{"rendered":"<p>Short Installation Guide Instructions at a glance A SUMMARY BEFORE STARTING YOUR PROJECT Apply Art B\u00e9ton Coatings on a clean, [&hellip;]<\/p>\n","protected":false},"author":1,"featured_media":0,"parent":0,"menu_order":0,"comment_status":"closed","ping_status":"closed","template":"","meta":{"site-sidebar-layout":"no-sidebar","site-content-layout":"page-builder","ast-site-content-layout":"default","site-content-style":"default","site-sidebar-style":"default","ast-global-header-display":"","ast-banner-title-visibility":"","ast-main-header-display":"","ast-hfb-above-header-display":"","ast-hfb-below-header-display":"","ast-hfb-mobile-header-display":"","site-post-title":"disabled","ast-breadcrumbs-content":"","ast-featured-img":"disabled","footer-sml-layout":"","ast-disable-related-posts":"","theme-transparent-header-meta":"","adv-header-id-meta":"","stick-header-meta":"","header-above-stick-meta":"","header-main-stick-meta":"","header-below-stick-meta":"","astra-migrate-meta-layouts":"default","ast-page-background-enabled":"default","ast-page-background-meta":{"desktop":{"background-color":"var(--ast-global-color-4)","background-image":"","background-repeat":"repeat","background-position":"center center","background-size":"auto","background-attachment":"scroll","background-type":"","background-media":"","overlay-type":"","overlay-color":"","overlay-opacity":"","overlay-gradient":""},"tablet":{"background-color":"","background-image":"","background-repeat":"repeat","background-position":"center center","background-size":"auto","background-attachment":"scroll","background-type":"","background-media":"","overlay-type":"","overlay-color":"","overlay-opacity":"","overlay-gradient":""},"mobile":{"background-color":"","background-image":"","background-repeat":"repeat","background-position":"center center","background-size":"auto","background-attachment":"scroll","background-type":"","background-media":"","overlay-type":"","overlay-color":"","overlay-opacity":"","overlay-gradient":""}},"ast-content-background-meta":{"desktop":{"background-color":"var(--ast-global-color-5)","background-image":"","background-repeat":"repeat","background-position":"center center","background-size":"auto","background-attachment":"scroll","background-type":"","background-media":"","overlay-type":"","overlay-color":"","overlay-opacity":"","overlay-gradient":""},"tablet":{"background-color":"var(--ast-global-color-5)","background-image":"","background-repeat":"repeat","background-position":"center center","background-size":"auto","background-attachment":"scroll","background-type":"","background-media":"","overlay-type":"","overlay-color":"","overlay-opacity":"","overlay-gradient":""},"mobile":{"background-color":"var(--ast-global-color-5)","background-image":"","background-repeat":"repeat","background-position":"center center","background-size":"auto","background-attachment":"scroll","background-type":"","background-media":"","overlay-type":"","overlay-color":"","overlay-opacity":"","overlay-gradient":""}},"footnotes":""},"class_list":["post-651","page","type-page","status-publish","hentry"],"yoast_head":"<!-- This site is optimized with the Yoast SEO plugin v27.4 - https:\/\/yoast.com\/product\/yoast-seo-wordpress\/ -->\n<title>Instructions at a glance - ART B\u00c9TON<\/title>\n<meta name=\"robots\" content=\"index, follow, max-snippet:-1, max-image-preview:large, max-video-preview:-1\" \/>\n<link rel=\"canonical\" href=\"https:\/\/artbeton.ca\/en\/instructions-at-a-glance\/\" \/>\n<meta property=\"og:locale\" content=\"en_US\" \/>\n<meta property=\"og:type\" content=\"article\" \/>\n<meta property=\"og:title\" content=\"Instructions at a glance - ART B\u00c9TON\" \/>\n<meta property=\"og:description\" content=\"Short Installation Guide Instructions at a glance A SUMMARY BEFORE STARTING YOUR PROJECT Apply Art B\u00e9ton Coatings on a clean, [&hellip;]\" \/>\n<meta property=\"og:url\" content=\"https:\/\/artbeton.ca\/en\/instructions-at-a-glance\/\" \/>\n<meta property=\"og:site_name\" content=\"ART B\u00c9TON\" \/>\n<meta property=\"article:publisher\" content=\"https:\/\/www.facebook.com\/Art-Bton-2064358856947702\/\" \/>\n<meta property=\"article:modified_time\" content=\"2022-08-20T19:11:38+00:00\" \/>\n<meta name=\"twitter:card\" content=\"summary_large_image\" \/>\n<meta name=\"twitter:label1\" content=\"Est. reading time\" \/>\n\t<meta name=\"twitter:data1\" content=\"2 minutes\" \/>\n<script type=\"application\/ld+json\" class=\"yoast-schema-graph\">{\"@context\":\"https:\\\/\\\/schema.org\",\"@graph\":[{\"@type\":\"WebPage\",\"@id\":\"https:\\\/\\\/artbeton.ca\\\/en\\\/instructions-at-a-glance\\\/\",\"url\":\"https:\\\/\\\/artbeton.ca\\\/en\\\/instructions-at-a-glance\\\/\",\"name\":\"Instructions at a glance - ART B\u00c9TON\",\"isPartOf\":{\"@id\":\"https:\\\/\\\/artbeton.ca\\\/#website\"},\"datePublished\":\"2022-08-02T22:07:11+00:00\",\"dateModified\":\"2022-08-20T19:11:38+00:00\",\"breadcrumb\":{\"@id\":\"https:\\\/\\\/artbeton.ca\\\/en\\\/instructions-at-a-glance\\\/#breadcrumb\"},\"inLanguage\":\"en-US\",\"potentialAction\":[{\"@type\":\"ReadAction\",\"target\":[\"https:\\\/\\\/artbeton.ca\\\/en\\\/instructions-at-a-glance\\\/\"]}]},{\"@type\":\"BreadcrumbList\",\"@id\":\"https:\\\/\\\/artbeton.ca\\\/en\\\/instructions-at-a-glance\\\/#breadcrumb\",\"itemListElement\":[{\"@type\":\"ListItem\",\"position\":1,\"name\":\"Accueil\",\"item\":\"https:\\\/\\\/artbeton.ca\\\/en\\\/home\\\/\"},{\"@type\":\"ListItem\",\"position\":2,\"name\":\"Instructions at a glance\"}]},{\"@type\":\"WebSite\",\"@id\":\"https:\\\/\\\/artbeton.ca\\\/#website\",\"url\":\"https:\\\/\\\/artbeton.ca\\\/\",\"name\":\"ART B\u00c9TON\",\"description\":\"Enduit de b\u00e9ton v\u00e9ritable d\u00e9coratif\",\"publisher\":{\"@id\":\"https:\\\/\\\/artbeton.ca\\\/#organization\"},\"potentialAction\":[{\"@type\":\"SearchAction\",\"target\":{\"@type\":\"EntryPoint\",\"urlTemplate\":\"https:\\\/\\\/artbeton.ca\\\/?s={search_term_string}\"},\"query-input\":{\"@type\":\"PropertyValueSpecification\",\"valueRequired\":true,\"valueName\":\"search_term_string\"}}],\"inLanguage\":\"en-US\"},{\"@type\":\"Organization\",\"@id\":\"https:\\\/\\\/artbeton.ca\\\/#organization\",\"name\":\"ART B\u00c9TON\",\"url\":\"https:\\\/\\\/artbeton.ca\\\/\",\"logo\":{\"@type\":\"ImageObject\",\"inLanguage\":\"en-US\",\"@id\":\"https:\\\/\\\/artbeton.ca\\\/#\\\/schema\\\/logo\\\/image\\\/\",\"url\":\"https:\\\/\\\/artbeton.ca\\\/wp-content\\\/uploads\\\/2023\\\/11\\\/BC-ArtBeton_Logo_web_EN-2.png\",\"contentUrl\":\"https:\\\/\\\/artbeton.ca\\\/wp-content\\\/uploads\\\/2023\\\/11\\\/BC-ArtBeton_Logo_web_EN-2.png\",\"width\":1757,\"height\":369,\"caption\":\"ART B\u00c9TON\"},\"image\":{\"@id\":\"https:\\\/\\\/artbeton.ca\\\/#\\\/schema\\\/logo\\\/image\\\/\"},\"sameAs\":[\"https:\\\/\\\/www.facebook.com\\\/Art-Bton-2064358856947702\\\/\",\"https:\\\/\\\/www.instagram.com\\\/in_stagram4525\\\/\"]}]}<\/script>\n<!-- \/ Yoast SEO plugin. -->","yoast_head_json":{"title":"Instructions at a glance - ART B\u00c9TON","robots":{"index":"index","follow":"follow","max-snippet":"max-snippet:-1","max-image-preview":"max-image-preview:large","max-video-preview":"max-video-preview:-1"},"canonical":"https:\/\/artbeton.ca\/en\/instructions-at-a-glance\/","og_locale":"en_US","og_type":"article","og_title":"Instructions at a glance - ART B\u00c9TON","og_description":"Short Installation Guide Instructions at a glance A SUMMARY BEFORE STARTING YOUR PROJECT Apply Art B\u00e9ton Coatings on a clean, [&hellip;]","og_url":"https:\/\/artbeton.ca\/en\/instructions-at-a-glance\/","og_site_name":"ART B\u00c9TON","article_publisher":"https:\/\/www.facebook.com\/Art-Bton-2064358856947702\/","article_modified_time":"2022-08-20T19:11:38+00:00","twitter_card":"summary_large_image","twitter_misc":{"Est. reading time":"2 minutes"},"schema":{"@context":"https:\/\/schema.org","@graph":[{"@type":"WebPage","@id":"https:\/\/artbeton.ca\/en\/instructions-at-a-glance\/","url":"https:\/\/artbeton.ca\/en\/instructions-at-a-glance\/","name":"Instructions at a glance - ART B\u00c9TON","isPartOf":{"@id":"https:\/\/artbeton.ca\/#website"},"datePublished":"2022-08-02T22:07:11+00:00","dateModified":"2022-08-20T19:11:38+00:00","breadcrumb":{"@id":"https:\/\/artbeton.ca\/en\/instructions-at-a-glance\/#breadcrumb"},"inLanguage":"en-US","potentialAction":[{"@type":"ReadAction","target":["https:\/\/artbeton.ca\/en\/instructions-at-a-glance\/"]}]},{"@type":"BreadcrumbList","@id":"https:\/\/artbeton.ca\/en\/instructions-at-a-glance\/#breadcrumb","itemListElement":[{"@type":"ListItem","position":1,"name":"Accueil","item":"https:\/\/artbeton.ca\/en\/home\/"},{"@type":"ListItem","position":2,"name":"Instructions at a glance"}]},{"@type":"WebSite","@id":"https:\/\/artbeton.ca\/#website","url":"https:\/\/artbeton.ca\/","name":"ART B\u00c9TON","description":"Enduit de b\u00e9ton v\u00e9ritable d\u00e9coratif","publisher":{"@id":"https:\/\/artbeton.ca\/#organization"},"potentialAction":[{"@type":"SearchAction","target":{"@type":"EntryPoint","urlTemplate":"https:\/\/artbeton.ca\/?s={search_term_string}"},"query-input":{"@type":"PropertyValueSpecification","valueRequired":true,"valueName":"search_term_string"}}],"inLanguage":"en-US"},{"@type":"Organization","@id":"https:\/\/artbeton.ca\/#organization","name":"ART B\u00c9TON","url":"https:\/\/artbeton.ca\/","logo":{"@type":"ImageObject","inLanguage":"en-US","@id":"https:\/\/artbeton.ca\/#\/schema\/logo\/image\/","url":"https:\/\/artbeton.ca\/wp-content\/uploads\/2023\/11\/BC-ArtBeton_Logo_web_EN-2.png","contentUrl":"https:\/\/artbeton.ca\/wp-content\/uploads\/2023\/11\/BC-ArtBeton_Logo_web_EN-2.png","width":1757,"height":369,"caption":"ART B\u00c9TON"},"image":{"@id":"https:\/\/artbeton.ca\/#\/schema\/logo\/image\/"},"sameAs":["https:\/\/www.facebook.com\/Art-Bton-2064358856947702\/","https:\/\/www.instagram.com\/in_stagram4525\/"]}]}},"_links":{"self":[{"href":"https:\/\/artbeton.ca\/en\/wp-json\/wp\/v2\/pages\/651","targetHints":{"allow":["GET"]}}],"collection":[{"href":"https:\/\/artbeton.ca\/en\/wp-json\/wp\/v2\/pages"}],"about":[{"href":"https:\/\/artbeton.ca\/en\/wp-json\/wp\/v2\/types\/page"}],"author":[{"embeddable":true,"href":"https:\/\/artbeton.ca\/en\/wp-json\/wp\/v2\/users\/1"}],"replies":[{"embeddable":true,"href":"https:\/\/artbeton.ca\/en\/wp-json\/wp\/v2\/comments?post=651"}],"version-history":[{"count":0,"href":"https:\/\/artbeton.ca\/en\/wp-json\/wp\/v2\/pages\/651\/revisions"}],"wp:attachment":[{"href":"https:\/\/artbeton.ca\/en\/wp-json\/wp\/v2\/media?parent=651"}],"curies":[{"name":"wp","href":"https:\/\/api.w.org\/{rel}","templated":true}]}}